{"id":29,"date":"2020-01-19T19:26:06","date_gmt":"2020-01-19T17:26:06","guid":{"rendered":"https:\/\/www.outokoulu.fi\/?page_id=29"},"modified":"2022-08-27T16:43:19","modified_gmt":"2022-08-27T14:43:19","slug":"ritu","status":"publish","type":"page","link":"https:\/\/outokoulu.fi\/en\/ritu\/","title":{"rendered":"Ritu"},"content":{"rendered":"<p>[et_pb_section fb_built=&#8221;1&#8243; fullwidth=&#8221;on&#8221; admin_label=&#8221;Hero Section&#8221; _builder_version=&#8221;3.22&#8243;][et_pb_fullwidth_header subhead=&#8221;Ritu&#8221; background_overlay_color=&#8221;rgba(0,0,0,0.4)&#8221; content_max_width=&#8221;550px&#8221; _builder_version=&#8221;4.3.2&#8243; title_font=&#8221;Poppins|700||on|||||&#8221; title_text_color=&#8221;#edbb5f&#8221; title_font_size=&#8221;14px&#8221; title_letter_spacing=&#8221;2px&#8221; title_line_height=&#8221;1.4em&#8221; content_font=&#8221;Poppins||||||||&#8221; content_font_size=&#8221;16px&#8221; content_letter_spacing=&#8221;1px&#8221; content_line_height=&#8221;2em&#8221; subhead_font=&#8221;Playfair Display|700||on|||||&#8221; subhead_font_size=&#8221;48px&#8221; subhead_letter_spacing=&#8221;3px&#8221; subhead_line_height=&#8221;1.4em&#8221; background_color=&#8221;rgba(255, 255, 255, 0)&#8221; background_image=&#8221;https:\/\/outokoulu.fi\/wp-content\/uploads\/2020\/01\/20200119_150723-scaled-e1581881891735.jpg&#8221; parallax=&#8221;on&#8221; custom_button_one=&#8221;on&#8221; button_one_border_width=&#8221;1px&#8221; button_one_border_color=&#8221;rgba(255,255,255,0.3)&#8221; button_one_border_radius=&#8221;0px&#8221; button_one_letter_spacing=&#8221;1px&#8221; button_one_font=&#8221;Saira Extra Condensed|600||on|||||&#8221; button_one_icon=&#8221;%%3%%&#8221; button_one_icon_color=&#8221;#edbb5f&#8221; custom_button_two=&#8221;on&#8221; button_two_border_width=&#8221;1px&#8221; button_two_border_color=&#8221;rgba(255,255,255,0.3)&#8221; button_two_border_radius=&#8221;0px&#8221; button_two_letter_spacing=&#8221;1px&#8221; button_two_font=&#8221;Saira Extra Condensed|600||on|||||&#8221; button_two_icon=&#8221;%%3%%&#8221; button_two_icon_color=&#8221;#edbb5f&#8221; module_alignment=&#8221;right&#8221; custom_margin=&#8221;|||&#8221; custom_padding=&#8221;8%||||false|false&#8221; custom_css_main_element=&#8221;min-height: 100vh;||display: flex;||flex-direction: column;&#8221; button_one_text_color_hover=&#8221;#edbb5f&#8221; button_two_text_color_hover=&#8221;#edbb5f&#8221; button_one_bg_color_hover=&#8221;rgba(0,0,0,0)&#8221; button_two_bg_color_hover=&#8221;rgba(0,0,0,0)&#8221; button_one_text_size__hover_enabled=&#8221;off&#8221; button_two_text_size__hover_enabled=&#8221;off&#8221; button_one_text_color__hover_enabled=&#8221;on&#8221; button_one_text_color__hover=&#8221;#edbb5f&#8221; button_two_text_color__hover_enabled=&#8221;on&#8221; button_two_text_color__hover=&#8221;#edbb5f&#8221; button_one_border_width__hover_enabled=&#8221;off&#8221; button_two_border_width__hover_enabled=&#8221;off&#8221; button_one_border_color__hover_enabled=&#8221;off&#8221; button_two_border_color__hover_enabled=&#8221;off&#8221; button_one_border_radius__hover_enabled=&#8221;off&#8221; button_two_border_radius__hover_enabled=&#8221;off&#8221; button_one_letter_spacing__hover_enabled=&#8221;off&#8221; button_two_letter_spacing__hover_enabled=&#8221;off&#8221; button_one_bg_color__hover_enabled=&#8221;on&#8221; button_one_bg_color__hover=&#8221;rgba(0,0,0,0)&#8221; button_two_bg_color__hover_enabled=&#8221;on&#8221; button_two_bg_color__hover=&#8221;rgba(0,0,0,0)&#8221;]<\/p>\n<p><span style=\"font-size: 16px;\">Viisaus asuu vanhoissa akoissa<\/span><\/p>\n<p>[\/et_pb_fullwidth_header][\/et_pb_section][et_pb_section fb_built=&#8221;1&#8243; admin_label=&#8221;Statistics&#8221; _builder_version=&#8221;3.22&#8243;][et_pb_row column_structure=&#8221;2_3,1_3&#8243; make_equal=&#8221;on&#8221; _builder_version=&#8221;4.2.1&#8243; max_width=&#8221;1103px&#8221; custom_margin=&#8221;||-10px||false|false&#8221; custom_margin_tablet=&#8221;||-60px||false|false&#8221; custom_margin_phone=&#8221;||-60px||false|false&#8221; custom_margin_last_edited=&#8221;on|tablet&#8221;][et_pb_column type=&#8221;2_3&#8243; _builder_version=&#8221;3.25&#8243; custom_padding=&#8221;|||&#8221; custom_padding__hover=&#8221;|||&#8221;][et_pb_image src=&#8221;https:\/\/outokoulu.fi\/wp-content\/uploads\/2020\/02\/20180401_165753-rotated.jpg&#8221; _builder_version=&#8221;4.3.2&#8243; height=&#8221;252px&#8221; box_shadow_style=&#8221;preset1&#8243;][\/et_pb_image][et_pb_text _builder_version=&#8221;4.2.1&#8243; text_font=&#8221;||||||||&#8221; header_font=&#8221;||||||||&#8221; header_2_font=&#8221;Playfair Display|700|||||||&#8221; header_2_font_size=&#8221;38px&#8221; header_2_letter_spacing=&#8221;1px&#8221; header_2_line_height=&#8221;1.4em&#8221; header_3_font=&#8221;Poppins|700||on|||||&#8221; header_3_text_color=&#8221;#edbb5f&#8221; header_3_font_size=&#8221;14px&#8221; header_3_letter_spacing=&#8221;1px&#8221; header_3_line_height=&#8221;2em&#8221; max_width=&#8221;550px&#8221; custom_margin=&#8221;0px||||false|false&#8221; custom_margin_tablet=&#8221;1px||||false|false&#8221; custom_margin_phone=&#8221;9px||||false|false&#8221; custom_margin_last_edited=&#8221;on|phone&#8221; custom_padding=&#8221;0px||||false|false&#8221;]<\/p>\n<h3><span color=\"#333333\" face=\"Playfair Display, Georgia, Times New Roman, serif\" style=\"color: #333333; font-family: 'Playfair Display', Georgia, 'Times New Roman', serif;\"><span style=\"font-size: 38px;\">Historiikki<\/span><\/span><\/h3>\n<p>[\/et_pb_text][et_pb_divider color=&#8221;#edbb5f&#8221; divider_weight=&#8221;2px&#8221; _builder_version=&#8221;3.2&#8243; max_width=&#8221;60px&#8221; module_alignment=&#8221;left&#8221; height=&#8221;2px&#8221; locked=&#8221;off&#8221;][\/et_pb_divider][\/et_pb_column][et_pb_column type=&#8221;1_3&#8243; _builder_version=&#8221;3.25&#8243; custom_padding=&#8221;|||&#8221; custom_padding__hover=&#8221;|||&#8221;][\/et_pb_column][\/et_pb_row][et_pb_row column_structure=&#8221;2_3,1_3&#8243; make_equal=&#8221;on&#8221; _builder_version=&#8221;4.2.1&#8243; max_width=&#8221;1103px&#8221;][et_pb_column type=&#8221;2_3&#8243; _builder_version=&#8221;3.25&#8243; custom_padding=&#8221;|||&#8221; custom_padding__hover=&#8221;|||&#8221;][et_pb_text _builder_version=&#8221;4.4.7&#8243; text_font=&#8221;Poppins||||||||&#8221; text_font_size=&#8221;16px&#8221; text_letter_spacing=&#8221;1px&#8221; text_line_height=&#8221;2em&#8221; custom_padding=&#8221;|||0px||&#8221; locked=&#8221;off&#8221;]<\/p>\n<p>Olen Ritva Kari. Synnyin Per\u00e4sein\u00e4joella, olen asunut Turussa ja Nurmossa. Nykyinen kotini on Sein\u00e4joen keskustassa Lakeuden Ristin nurkalla.<\/p>\n<p><span style=\"font-size: 16px;\">Perheeseeni kuuluu aviomies ja kaksi nyt jo aikuista lasta. Lapsemme ovat muuttaneet omilleen Helsinkiin ja Tampereelle.<\/span><\/p>\n<p><span style=\"font-size: 16px;\">Turussa asuessamme ajoin bussia kolme vuotta Turun ja Helsingin v\u00e4li\u00e4. 1990-luvun alkupuolella opiskelin liikenneopettajaksi H\u00e4meenlinnan ammatillisen opettajakorkeakoulun Liikenneopetuskeskuksessa.<\/span><\/p>\n<p><span style=\"font-size: 16px;\">Liikenneopettajana olen toiminut Jalasj\u00e4rven autokoulussa, Etel\u00e4-Pohjanmaan Liikenneopistossa, Movialla ja viimeksi Pro Drivers Ajokoulussa, yhteens\u00e4 yli 20 vuotta.<\/span><\/p>\n<p><span style=\"font-size: 16px;\">Ty\u00f6n lomassa olen p\u00e4ivitt\u00e4nyt Jyv\u00e4skyl\u00e4n avoimessa yliopistossa kasvatustieteiden perusopinnot. Autokoulun perustamista varten suoritin my\u00f6s liikenneopettajan erikoisammattitutkinnon osan &#8221;Opetustoiminnan johtaminen ja yritt\u00e4jyys&#8221;.<\/span><\/p>\n<p>Lukion j\u00e4lkeen minulle ei ollut selv\u00e4\u00e4, minne jatkaisin opiskelemeen, joten hain l\u00e4hell\u00e4 olevaan Sein\u00e4joen ammattikouluun autonkuljettajalinjalle. Koulussa opettajat olivat mukavia ja innostavia. Heid\u00e4n esimerkkins\u00e4 pohjalta kiinnostuin liikenneopettajan ammatista.\u00a0<span style=\"font-size: 16px;\"><\/span><\/p>\n<p>Ajokorttilain uudistuksen j\u00e4lkeen olin osa-aikaisesti lomautettuna syksyst\u00e4 2018 alkaen tehden t\u00f6it\u00e4 tarvittaessa. Aloin suunnitella oman autokoulun perustamista, joka ei olisi samanlainen kuin muut. Pohdinnoista syntyi vuoden 2019 lopussa Outokoulu, jossa annetaan riitt\u00e4v\u00e4sti opetusta kiinte\u00e4\u00e4n hintaan, joka pit\u00e4\u00e4 sis\u00e4ll\u00e4\u00e4n kaiken. Sellainen All-Inclusive palvelu\u00a0<img decoding=\"async\" src=\"https:\/\/outokoulu.fi\/wp-content\/themes\/Divi\/includes\/builder\/frontend-builder\/assets\/vendors\/plugins\/emoticons\/img\/smiley-smile.gif\" alt=\"smile\" \/>\u00a0Tavoitteena on saada jatkaa mieluisan ty\u00f6n tekemist\u00e4 mahdollisimman hyvin.<\/p>\n<p><span style=\"font-size: 16px;\"><\/span><\/p>\n<p>[\/et_pb_text][\/et_pb_column][et_pb_column type=&#8221;1_3&#8243; _builder_version=&#8221;3.25&#8243; custom_padding=&#8221;|||&#8221; custom_padding__hover=&#8221;|||&#8221;][et_pb_image src=&#8221;https:\/\/outokoulu.fi\/wp-content\/uploads\/2020\/01\/2015-11-26_162-scaled-e1597423530794.jpg&#8221; title_text=&#8221;Bussi&#8221; _builder_version=&#8221;4.5.6&#8243; max_width=&#8221;510px&#8221; custom_margin=&#8221;||||false|false&#8221; custom_padding=&#8221;|0px|||false|false&#8221; hover_enabled=&#8221;0&#8243; box_shadow_style=&#8221;preset1&#8243; align=&#8221;center&#8221;][\/et_pb_image][et_pb_image src=&#8221;https:\/\/outokoulu.fi\/wp-content\/uploads\/2020\/08\/Ritu-ja-uudet-lasit-e1597422245528.jpg&#8221; title_text=&#8221;Ritu ja uudet lasit&#8221; align=&#8221;center&#8221; _builder_version=&#8221;4.5.6&#8243; max_width=&#8221;510px&#8221; custom_margin=&#8221;||||false|false&#8221; custom_padding=&#8221;||||false|false&#8221; box_shadow_style=&#8221;preset1&#8243;][\/et_pb_image][\/et_pb_column][\/et_pb_row][\/et_pb_section]<\/p>\n","protected":false},"excerpt":{"rendered":"<p>Wisdom lives in old ladies<\/p>","protected":false},"author":1,"featured_media":229900,"parent":0,"menu_order":6,"comment_status":"closed","ping_status":"closed","template":"","meta":{"_et_pb_use_builder":"on","_et_pb_old_content":"","_et_gb_content_width":"","footnotes":""},"class_list":["post-29","page","type-page","status-publish","has-post-thumbnail","hentry"],"yoast_head":"<!-- This site is optimized with the Yoast SEO plugin v27.3 - https:\/\/yoast.com\/product\/yoast-seo-wordpress\/ -->\n<title>Ritu<\/title>\n<meta name=\"description\" content=\"Ritu, liikenneopettaja ja yritt\u00e4j\u00e4.\" \/>\n<meta name=\"robots\" content=\"index, follow, max-snippet:-1, max-image-preview:large, max-video-preview:-1\" \/>\n<link rel=\"canonical\" href=\"https:\/\/outokoulu.fi\/en\/ritu\/\" \/>\n<meta property=\"og:locale\" content=\"en_GB\" \/>\n<meta property=\"og:type\" content=\"article\" \/>\n<meta property=\"og:title\" content=\"Ritu\" \/>\n<meta property=\"og:description\" content=\"Ritu, liikenneopettaja ja yritt\u00e4j\u00e4.\" \/>\n<meta property=\"og:url\" content=\"https:\/\/outokoulu.fi\/en\/ritu\/\" \/>\n<meta property=\"og:site_name\" content=\"Outokoulu\" \/>\n<meta property=\"article:publisher\" content=\"https:\/\/www.facebook.com\/outokoulu\" \/>\n<meta property=\"article:modified_time\" content=\"2022-08-27T14:43:19+00:00\" \/>\n<meta property=\"og:image\" content=\"https:\/\/outokoulu.fi\/wp-content\/uploads\/2020\/01\/20200119_150723-scaled-e1581881891735.jpg\" \/>\n\t<meta property=\"og:image:width\" content=\"961\" \/>\n\t<meta property=\"og:image:height\" content=\"722\" \/>\n\t<meta property=\"og:image:type\" content=\"image\/jpeg\" \/>\n<meta name=\"twitter:label1\" content=\"Estimated reading time\" \/>\n\t<meta name=\"twitter:data1\" content=\"5 minutes\" \/>\n<script type=\"application\/ld+json\" class=\"yoast-schema-graph\">{\"@context\":\"https:\\\/\\\/schema.org\",\"@graph\":[{\"@type\":\"WebPage\",\"@id\":\"https:\\\/\\\/outokoulu.fi\\\/ritu\\\/\",\"url\":\"https:\\\/\\\/outokoulu.fi\\\/ritu\\\/\",\"name\":\"Ritu\",\"isPartOf\":{\"@id\":\"https:\\\/\\\/outokoulu.fi\\\/#website\"},\"primaryImageOfPage\":{\"@id\":\"https:\\\/\\\/outokoulu.fi\\\/ritu\\\/#primaryimage\"},\"image\":{\"@id\":\"https:\\\/\\\/outokoulu.fi\\\/ritu\\\/#primaryimage\"},\"thumbnailUrl\":\"https:\\\/\\\/outokoulu.fi\\\/wp-content\\\/uploads\\\/2020\\\/01\\\/20200119_150723-scaled-e1581881891735.jpg\",\"datePublished\":\"2020-01-19T17:26:06+00:00\",\"dateModified\":\"2022-08-27T14:43:19+00:00\",\"description\":\"Ritu, liikenneopettaja ja yritt\u00e4j\u00e4.\",\"breadcrumb\":{\"@id\":\"https:\\\/\\\/outokoulu.fi\\\/ritu\\\/#breadcrumb\"},\"inLanguage\":\"en-GB\",\"potentialAction\":[{\"@type\":\"ReadAction\",\"target\":[\"https:\\\/\\\/outokoulu.fi\\\/ritu\\\/\"]}]},{\"@type\":\"ImageObject\",\"inLanguage\":\"en-GB\",\"@id\":\"https:\\\/\\\/outokoulu.fi\\\/ritu\\\/#primaryimage\",\"url\":\"https:\\\/\\\/outokoulu.fi\\\/wp-content\\\/uploads\\\/2020\\\/01\\\/20200119_150723-scaled-e1581881891735.jpg\",\"contentUrl\":\"https:\\\/\\\/outokoulu.fi\\\/wp-content\\\/uploads\\\/2020\\\/01\\\/20200119_150723-scaled-e1581881891735.jpg\",\"width\":961,\"height\":722,\"caption\":\"Ritu lapsena\"},{\"@type\":\"BreadcrumbList\",\"@id\":\"https:\\\/\\\/outokoulu.fi\\\/ritu\\\/#breadcrumb\",\"itemListElement\":[{\"@type\":\"ListItem\",\"position\":1,\"name\":\"Koti\",\"item\":\"https:\\\/\\\/outokoulu.fi\\\/\"},{\"@type\":\"ListItem\",\"position\":2,\"name\":\"Ritu\"}]},{\"@type\":\"WebSite\",\"@id\":\"https:\\\/\\\/outokoulu.fi\\\/#website\",\"url\":\"https:\\\/\\\/outokoulu.fi\\\/\",\"name\":\"Outokoulu\",\"description\":\"Autokoulu Sein&auml;joella ajo-opetusta B-korttia varten\",\"publisher\":{\"@id\":\"https:\\\/\\\/outokoulu.fi\\\/#organization\"},\"potentialAction\":[{\"@type\":\"SearchAction\",\"target\":{\"@type\":\"EntryPoint\",\"urlTemplate\":\"https:\\\/\\\/outokoulu.fi\\\/?s={search_term_string}\"},\"query-input\":{\"@type\":\"PropertyValueSpecification\",\"valueRequired\":true,\"valueName\":\"search_term_string\"}}],\"inLanguage\":\"en-GB\"},{\"@type\":\"Organization\",\"@id\":\"https:\\\/\\\/outokoulu.fi\\\/#organization\",\"name\":\"Outokoulu\",\"url\":\"https:\\\/\\\/outokoulu.fi\\\/\",\"logo\":{\"@type\":\"ImageObject\",\"inLanguage\":\"en-GB\",\"@id\":\"https:\\\/\\\/outokoulu.fi\\\/#\\\/schema\\\/logo\\\/image\\\/\",\"url\":\"https:\\\/\\\/outokoulu.fi\\\/wp-content\\\/uploads\\\/2020\\\/01\\\/logo-1-e1589646780918.png\",\"contentUrl\":\"https:\\\/\\\/outokoulu.fi\\\/wp-content\\\/uploads\\\/2020\\\/01\\\/logo-1-e1589646780918.png\",\"width\":191,\"height\":30,\"caption\":\"Outokoulu\"},\"image\":{\"@id\":\"https:\\\/\\\/outokoulu.fi\\\/#\\\/schema\\\/logo\\\/image\\\/\"},\"sameAs\":[\"https:\\\/\\\/www.facebook.com\\\/outokoulu\",\"https:\\\/\\\/www.instagram.com\\\/outokoulu\"]}]}<\/script>\n<!-- \/ Yoast SEO plugin. -->","yoast_head_json":{"title":"Ritu","description":"Ritu, driving teacher and entrepreneur","robots":{"index":"index","follow":"follow","max-snippet":"max-snippet:-1","max-image-preview":"max-image-preview:large","max-video-preview":"max-video-preview:-1"},"canonical":"https:\/\/outokoulu.fi\/en\/ritu\/","og_locale":"en_GB","og_type":"article","og_title":"Ritu","og_description":"Ritu, liikenneopettaja ja yritt\u00e4j\u00e4.","og_url":"https:\/\/outokoulu.fi\/en\/ritu\/","og_site_name":"Outokoulu","article_publisher":"https:\/\/www.facebook.com\/outokoulu","article_modified_time":"2022-08-27T14:43:19+00:00","og_image":[{"width":961,"height":722,"url":"https:\/\/outokoulu.fi\/wp-content\/uploads\/2020\/01\/20200119_150723-scaled-e1581881891735.jpg","type":"image\/jpeg"}],"twitter_misc":{"Estimated reading time":"5 minutes"},"schema":{"@context":"https:\/\/schema.org","@graph":[{"@type":"WebPage","@id":"https:\/\/outokoulu.fi\/ritu\/","url":"https:\/\/outokoulu.fi\/ritu\/","name":"Ritu","isPartOf":{"@id":"https:\/\/outokoulu.fi\/#website"},"primaryImageOfPage":{"@id":"https:\/\/outokoulu.fi\/ritu\/#primaryimage"},"image":{"@id":"https:\/\/outokoulu.fi\/ritu\/#primaryimage"},"thumbnailUrl":"https:\/\/outokoulu.fi\/wp-content\/uploads\/2020\/01\/20200119_150723-scaled-e1581881891735.jpg","datePublished":"2020-01-19T17:26:06+00:00","dateModified":"2022-08-27T14:43:19+00:00","description":"Ritu, driving teacher and entrepreneur","breadcrumb":{"@id":"https:\/\/outokoulu.fi\/ritu\/#breadcrumb"},"inLanguage":"en-GB","potentialAction":[{"@type":"ReadAction","target":["https:\/\/outokoulu.fi\/ritu\/"]}]},{"@type":"ImageObject","inLanguage":"en-GB","@id":"https:\/\/outokoulu.fi\/ritu\/#primaryimage","url":"https:\/\/outokoulu.fi\/wp-content\/uploads\/2020\/01\/20200119_150723-scaled-e1581881891735.jpg","contentUrl":"https:\/\/outokoulu.fi\/wp-content\/uploads\/2020\/01\/20200119_150723-scaled-e1581881891735.jpg","width":961,"height":722,"caption":"Ritu lapsena"},{"@type":"BreadcrumbList","@id":"https:\/\/outokoulu.fi\/ritu\/#breadcrumb","itemListElement":[{"@type":"ListItem","position":1,"name":"Koti","item":"https:\/\/outokoulu.fi\/"},{"@type":"ListItem","position":2,"name":"Ritu"}]},{"@type":"WebSite","@id":"https:\/\/outokoulu.fi\/#website","url":"https:\/\/outokoulu.fi\/","name":"Outokoulu","description":"Driving school at Sein\u00e4joki for B-class licence","publisher":{"@id":"https:\/\/outokoulu.fi\/#organization"},"potentialAction":[{"@type":"SearchAction","target":{"@type":"EntryPoint","urlTemplate":"https:\/\/outokoulu.fi\/?s={search_term_string}"},"query-input":{"@type":"PropertyValueSpecification","valueRequired":true,"valueName":"search_term_string"}}],"inLanguage":"en-GB"},{"@type":"Organization","@id":"https:\/\/outokoulu.fi\/#organization","name":"Outokoulu","url":"https:\/\/outokoulu.fi\/","logo":{"@type":"ImageObject","inLanguage":"en-GB","@id":"https:\/\/outokoulu.fi\/#\/schema\/logo\/image\/","url":"https:\/\/outokoulu.fi\/wp-content\/uploads\/2020\/01\/logo-1-e1589646780918.png","contentUrl":"https:\/\/outokoulu.fi\/wp-content\/uploads\/2020\/01\/logo-1-e1589646780918.png","width":191,"height":30,"caption":"Outokoulu"},"image":{"@id":"https:\/\/outokoulu.fi\/#\/schema\/logo\/image\/"},"sameAs":["https:\/\/www.facebook.com\/outokoulu","https:\/\/www.instagram.com\/outokoulu"]}]}},"_links":{"self":[{"href":"https:\/\/outokoulu.fi\/en\/wp-json\/wp\/v2\/pages\/29","targetHints":{"allow":["GET"]}}],"collection":[{"href":"https:\/\/outokoulu.fi\/en\/wp-json\/wp\/v2\/pages"}],"about":[{"href":"https:\/\/outokoulu.fi\/en\/wp-json\/wp\/v2\/types\/page"}],"author":[{"embeddable":true,"href":"https:\/\/outokoulu.fi\/en\/wp-json\/wp\/v2\/users\/1"}],"replies":[{"embeddable":true,"href":"https:\/\/outokoulu.fi\/en\/wp-json\/wp\/v2\/comments?post=29"}],"version-history":[{"count":0,"href":"https:\/\/outokoulu.fi\/en\/wp-json\/wp\/v2\/pages\/29\/revisions"}],"wp:featuredmedia":[{"embeddable":true,"href":"https:\/\/outokoulu.fi\/en\/wp-json\/wp\/v2\/media\/229900"}],"wp:attachment":[{"href":"https:\/\/outokoulu.fi\/en\/wp-json\/wp\/v2\/media?parent=29"}],"curies":[{"name":"wp","href":"https:\/\/api.w.org\/{rel}","templated":true}]}}