{"id":230874,"date":"2022-08-26T21:51:02","date_gmt":"2022-08-26T19:51:02","guid":{"rendered":"https:\/\/outokoulu.fi\/?page_id=230874"},"modified":"2024-06-30T10:48:15","modified_gmt":"2024-06-30T08:48:15","slug":"exchange-foreign-driving-licence","status":"publish","type":"page","link":"https:\/\/outokoulu.fi\/en\/exchange-foreign-driving-licence\/","title":{"rendered":"Exchange"},"content":{"rendered":"<p>[et_pb_section fb_built=&#8221;1&#8243; fullwidth=&#8221;on&#8221; admin_label=&#8221;Hero Section&#8221; _builder_version=&#8221;4.16&#8243; global_colors_info=&#8221;{}&#8221;][et_pb_fullwidth_header title=&#8221; &#8221; subhead=&#8221;Exchanging Foreign driving licence to Finnish one&#8221; background_overlay_color=&#8221;rgba(0,0,0,0.04)&#8221; _builder_version=&#8221;4.18.0&#8243; title_font=&#8221;Poppins|700||on|||||&#8221; title_text_color=&#8221;#edbb5f&#8221; title_font_size=&#8221;14px&#8221; title_letter_spacing=&#8221;2px&#8221; title_line_height=&#8221;1.4em&#8221; content_font=&#8221;Poppins||||||||&#8221; content_font_size=&#8221;16px&#8221; content_letter_spacing=&#8221;1px&#8221; content_line_height=&#8221;2em&#8221; subhead_font=&#8221;Playfair Display|700||on|||||&#8221; subhead_font_size=&#8221;48px&#8221; subhead_letter_spacing=&#8221;3px&#8221; subhead_line_height=&#8221;1.4em&#8221; background_color=&#8221;rgba(255, 255, 255, 0)&#8221; background_image=&#8221;https:\/\/outokoulu.fi\/wp-content\/uploads\/2020\/02\/20200201_092236-scaled.jpg&#8221; parallax=&#8221;on&#8221; custom_button_one=&#8221;on&#8221; button_one_icon=&#8221;&#x24;||divi||400&#8243; button_one_icon_color=&#8221;#edbb5f&#8221; custom_button_two=&#8221;on&#8221; button_two_icon=&#8221;&#x24;||divi||400&#8243; button_two_icon_color=&#8221;#edbb5f&#8221; module_alignment=&#8221;left&#8221; custom_margin=&#8221;||||false|false&#8221; custom_padding=&#8221;8%||||false|false&#8221; subhead_font_size_tablet=&#8221;44px&#8221; subhead_font_size_phone=&#8221;30px&#8221; subhead_font_size_last_edited=&#8221;on|desktop&#8221; subhead_letter_spacing_tablet=&#8221;&#8221; subhead_letter_spacing_phone=&#8221;0px&#8221; subhead_letter_spacing_last_edited=&#8221;on|desktop&#8221; custom_css_main_element=&#8221;min-height: 100vh;||display: flex;||flex-direction: column;&#8221; button_one_text_color_hover=&#8221;#edbb5f&#8221; button_two_text_color_hover=&#8221;#edbb5f&#8221; button_one_bg_color_hover=&#8221;rgba(0,0,0,0)&#8221; button_two_bg_color_hover=&#8221;rgba(0,0,0,0)&#8221; global_colors_info=&#8221;{}&#8221; button_one_text_size__hover_enabled=&#8221;off&#8221; button_two_text_size__hover_enabled=&#8221;off&#8221; button_one_text_color__hover_enabled=&#8221;on&#8221; button_one_text_color__hover=&#8221;#edbb5f&#8221; button_two_text_color__hover_enabled=&#8221;on&#8221; button_two_text_color__hover=&#8221;#edbb5f&#8221; button_one_border_width__hover_enabled=&#8221;off&#8221; button_two_border_width__hover_enabled=&#8221;off&#8221; button_one_border_color__hover_enabled=&#8221;off&#8221; button_two_border_color__hover_enabled=&#8221;off&#8221; button_one_border_radius__hover_enabled=&#8221;off&#8221; button_two_border_radius__hover_enabled=&#8221;off&#8221; button_one_letter_spacing__hover_enabled=&#8221;off&#8221; button_two_letter_spacing__hover_enabled=&#8221;off&#8221; button_one_bg_color__hover_enabled=&#8221;on&#8221; button_one_bg_color__hover=&#8221;rgba(0,0,0,0)&#8221; button_two_bg_color__hover_enabled=&#8221;on&#8221; button_two_bg_color__hover=&#8221;rgba(0,0,0,0)&#8221;]<\/p>\n<p>It is not rocket science<\/p>\n<p>[\/et_pb_fullwidth_header][\/et_pb_section][et_pb_section fb_built=&#8221;1&#8243; admin_label=&#8221;Services&#8221; _builder_version=&#8221;4.16&#8243; custom_margin=&#8221;|||&#8221; custom_padding=&#8221;100px|0px|50px|0px|false|false&#8221; global_colors_info=&#8221;{}&#8221;][et_pb_row _builder_version=&#8221;4.16&#8243; custom_padding=&#8221;|||&#8221; global_colors_info=&#8221;{}&#8221;][et_pb_column type=&#8221;4_4&#8243; _builder_version=&#8221;4.16&#8243; custom_padding=&#8221;1px|||&#8221; global_colors_info=&#8221;{}&#8221; custom_padding__hover=&#8221;|||&#8221;][et_pb_text _builder_version=&#8221;4.16&#8243; text_font=&#8221;||||||||&#8221; header_font=&#8221;||||||||&#8221; header_2_font=&#8221;Playfair Display|700|||||||&#8221; header_2_font_size=&#8221;38px&#8221; header_2_letter_spacing=&#8221;1px&#8221; header_2_line_height=&#8221;1.4em&#8221; header_3_font=&#8221;Poppins|700||on|||||&#8221; header_3_text_color=&#8221;#edbb5f&#8221; header_3_font_size=&#8221;14px&#8221; header_3_letter_spacing=&#8221;1px&#8221; header_3_line_height=&#8221;2em&#8221; text_font_size_tablet=&#8221;&#8221; text_font_size_phone=&#8221;12px&#8221; text_font_size_last_edited=&#8221;on|phone&#8221; header_font_size_tablet=&#8221;&#8221; header_font_size_phone=&#8221;10px&#8221; header_font_size_last_edited=&#8221;on|phone&#8221; header_2_font_size_tablet=&#8221;&#8221; header_2_font_size_phone=&#8221;30px&#8221; header_2_font_size_last_edited=&#8221;on|phone&#8221; locked=&#8221;off&#8221; global_colors_info=&#8221;{}&#8221;]<\/p>\n<h3><\/h3>\n<h2>Exchanging driving licence<\/h2>\n<p>[\/et_pb_text][et_pb_divider color=&#8221;#edbb5f&#8221; divider_weight=&#8221;2px&#8221; _builder_version=&#8221;4.16&#8243; max_width=&#8221;60px&#8221; module_alignment=&#8221;left&#8221; height=&#8221;2px&#8221; locked=&#8221;off&#8221; global_colors_info=&#8221;{}&#8221;][\/et_pb_divider][et_pb_text _builder_version=&#8221;4.18.0&#8243; text_font=&#8221;Poppins||||||||&#8221; text_font_size=&#8221;16px&#8221; text_letter_spacing=&#8221;1px&#8221; text_line_height=&#8221;2em&#8221; custom_padding=&#8221;0px|||||&#8221; locked=&#8221;off&#8221; global_colors_info=&#8221;{}&#8221;]<\/p>\n<p>Process how foreign driving licence is exchanged to Finnish driving licence depends on the country issued the licence. There exists three possible scenarios how B-licence can be exchanged:<\/p>\n<ul>\n<li>your driving licence can be exchanged to Finnish driving licence without exam<\/li>\n<li>you need to pass theory and driving exam<\/li>\n<li>you need to take all mandatory lessons and pass theory and driving exam<\/li>\n<\/ul>\n<p>Outokoulu can help you for exchanging your foreign driving licence to Finnish driving licence. We can go together to Ajovarma office to clarify how your driving licence can be exchanged. This will not cause cost to you. Then we will both know what is required and we can plan how to go forward. You are free to select needed lessons from some other driving school.<\/p>\n<p>Fill the form below to apply for licence exchange. I will contact you and we can schedule when to go to Ajovarma office.<\/p>\n<p>From <a href=\"https:\/\/ajokortti-info.fi\/en\/basic-information-about-driving-licence\/exchanging-foreign-driving-licence-finnish-licence\" target=\"_blank\" rel=\"noopener\" title=\"Exchanging foreign driving licence\">Traficom web site<\/a> you find more details.<\/p>\n<p>[\/et_pb_text][\/et_pb_column][\/et_pb_row][\/et_pb_section][et_pb_section fb_built=&#8221;1&#8243; admin_label=&#8221;Contact&#8221; _builder_version=&#8221;4.16&#8243; background_image=&#8221;https:\/\/outokoulu.fi\/wp-content\/uploads\/2020\/02\/20200207_202632-1-scaled-e1581101799343.jpg&#8221; parallax=&#8221;on&#8221; custom_margin=&#8221;|||&#8221; custom_padding=&#8221;0px|0px|0px|0px&#8221; background_last_edited=&#8221;on|tablet&#8221; use_background_color_gradient_tablet=&#8221;off&#8221; use_background_color_gradient_phone=&#8221;off&#8221; background_image_tablet=&#8221;https:\/\/outokoulu.fi\/wp-content\/uploads\/2020\/01\/20200118_140931-scaled-e1581107611974.jpg&#8221; background_image_phone=&#8221;https:\/\/outokoulu.fi\/wp-content\/uploads\/2020\/01\/20200118_140931-scaled-e1581107611974.jpg&#8221; background_enable_image_tablet=&#8221;on&#8221; background_enable_image_phone=&#8221;on&#8221; parallax_tablet=&#8221;off&#8221; parallax_phone=&#8221;on&#8221; background_size_tablet=&#8221;cover&#8221; background_size_phone=&#8221;initial&#8221; background_position_tablet=&#8221;center_left&#8221; background_position_phone=&#8221;center&#8221; global_colors_info=&#8221;{}&#8221;][et_pb_row column_structure=&#8221;1_2,1_2&#8243; custom_padding_last_edited=&#8221;off|tablet&#8221; _builder_version=&#8221;4.18.0&#8243; background_color=&#8221;rgba(0,0,0,0)&#8221; width=&#8221;100%&#8221; custom_margin=&#8221;|||&#8221; custom_padding=&#8221;60px|5%|60px|5%|false|false&#8221; custom_padding_phone=&#8221;||||false|false&#8221; animation_direction=&#8221;bottom&#8221; global_colors_info=&#8221;{}&#8221;][et_pb_column type=&#8221;1_2&#8243; _builder_version=&#8221;4.18.0&#8243; custom_padding=&#8221;||||false|false&#8221; global_colors_info=&#8221;{}&#8221; custom_padding__hover=&#8221;|||&#8221;][et_pb_text _builder_version=&#8221;4.16&#8243; text_font=&#8221;Poppins|600|||||||&#8221; text_font_size=&#8221;16px&#8221; text_letter_spacing=&#8221;1px&#8221; text_line_height=&#8221;2em&#8221; ul_font=&#8221;||||||||&#8221; background_color=&#8221;#3d3d3d&#8221; text_orientation=&#8221;center&#8221; background_layout=&#8221;dark&#8221; width=&#8221;100%&#8221; custom_margin=&#8221;|||&#8221; custom_padding=&#8221;10px|5%|15px|5%|false|false&#8221; custom_padding_last_edited=&#8221;off|desktop&#8221; border_width_top=&#8221;8px&#8221; border_color_top=&#8221;#edbb5f&#8221; locked=&#8221;off&#8221; global_colors_info=&#8221;{}&#8221;]<\/p>\n<p>Outokoululla ei ole toimitilaa. Voit ilmoittautua kurssille oheisella lomakkeella tai l\u00e4hett\u00e4\u00e4 ilmoittautumisen WhatsAppilla, tekstiviestin\u00e4 tai s\u00e4hk\u00f6postina. Sen j\u00e4lkeen l\u00e4het\u00e4n sinulle viesti\u00e4 ja sovimme ensimm\u00e4isest\u00e4 ajotunnista.<br \/>Jos sinulla on kysytt\u00e4v\u00e4\u00e4 parhaiten saat kiinni viestill\u00e4 tai s\u00e4hk\u00f6postilla. Puheluun en vastaa ajotunnin aikana. Soitan takaisin my\u00f6hemmin kun en en\u00e4\u00e4 ole opettamassa.\u00a0<\/p>\n<p>[\/et_pb_text][\/et_pb_column][et_pb_column type=&#8221;1_2&#8243; _builder_version=&#8221;4.18.0&#8243; background_color=&#8221;#ffffff&#8221; custom_padding=&#8221;||||false|false&#8221; border_width_all=&#8221;2px&#8221; global_colors_info=&#8221;{}&#8221; custom_padding__hover=&#8221;|||&#8221;][et_pb_contact_form email=&#8221;ritu@outokoulu.fi&#8221; title=&#8221;Ilmoittaudu kurssille&#8221; custom_message=&#8221;Nettisivuilta ilmoittautuminen Outokoulun kurssille:||et_pb_line_break_holder||||et_pb_line_break_holder||Nimi: %%Name%%||et_pb_line_break_holder||||et_pb_line_break_holder||Puhelin: %%Phone%%||et_pb_line_break_holder||||et_pb_line_break_holder||Kurssi: %%Type%%||et_pb_line_break_holder||||et_pb_line_break_holder||Kieli: %91trp_language language=%22fi%22%93 Suomi %91\/trp_language%93  %91trp_language language=%22en_GB%22%93 Englanti %91\/trp_language%93 &#8221; success_message=&#8221;Kiitos ilmoittautumisesta! Otan mahdollisimman pian yhteytt\u00e4.&#8221; submit_button_text=&#8221;L\u00e4het\u00e4&#8221; module_id=&#8221;et_pb_contact_form_0&#8243; _builder_version=&#8221;4.25.2&#8243; _unique_id=&#8221;4e67835a-4b50-44d1-a0ec-f076c41a5a1a&#8221; form_field_background_color=&#8221;#ffffff&#8221; form_field_text_color=&#8221;rgba(0,0,0,0.7)&#8221; title_level=&#8221;h2&#8243; title_font=&#8221;Playfair Display|700||on|||||&#8221; title_text_align=&#8221;center&#8221; title_font_size=&#8221;38px&#8221; title_line_height=&#8221;1.4em&#8221; form_field_font=&#8221;Poppins|600||on|||||&#8221; form_field_font_size=&#8221;12px&#8221; form_field_letter_spacing=&#8221;2px&#8221; custom_button=&#8221;on&#8221; button_text_color=&#8221;#ffffff&#8221; button_bg_color=&#8221;#edbb5f&#8221; button_border_width=&#8221;14px&#8221; button_border_radius=&#8221;0px&#8221; button_letter_spacing=&#8221;1px&#8221; button_font=&#8221;Saira Extra Condensed|600||on|||||&#8221; button_icon=&#8221;&#x24;||divi||400&#8243; width=&#8221;90%&#8221; module_alignment=&#8221;center&#8221; custom_margin=&#8221;10px||20px||false|false&#8221; custom_padding=&#8221;|||&#8221; hover_enabled=&#8221;0&#8243; form_field_font_size_tablet=&#8221;&#8221; form_field_font_size_phone=&#8221;10px&#8221; form_field_font_size_last_edited=&#8221;on|phone&#8221; border_color_all=&#8221;#dfdfe3&#8243; border_width_bottom=&#8221;1px&#8221; form_background_color=&#8221;#ffffff&#8221; global_colors_info=&#8221;{}&#8221; sticky_enabled=&#8221;0&#8243;][et_pb_contact_field field_id=&#8221;Name&#8221; field_title=&#8221;Nimi&#8221; min_length=&#8221;4&#8243; fullwidth_field=&#8221;on&#8221; _builder_version=&#8221;4.18.0&#8243; form_field_font=&#8221;|||on|||||&#8221; custom_margin=&#8221;|14px|20px|14px|false|false&#8221; custom_padding=&#8221;||||false|false&#8221; border_width_all=&#8221;2px&#8221; global_colors_info=&#8221;{}&#8221; button_text_size__hover_enabled=&#8221;off&#8221; button_one_text_size__hover_enabled=&#8221;off&#8221; button_two_text_size__hover_enabled=&#8221;off&#8221; button_text_color__hover_enabled=&#8221;off&#8221; button_one_text_color__hover_enabled=&#8221;off&#8221; button_two_text_color__hover_enabled=&#8221;off&#8221; button_border_width__hover_enabled=&#8221;off&#8221; button_one_border_width__hover_enabled=&#8221;off&#8221; button_two_border_width__hover_enabled=&#8221;off&#8221; button_border_color__hover_enabled=&#8221;off&#8221; button_one_border_color__hover_enabled=&#8221;off&#8221; button_two_border_color__hover_enabled=&#8221;off&#8221; button_border_radius__hover_enabled=&#8221;off&#8221; button_one_border_radius__hover_enabled=&#8221;off&#8221; button_two_border_radius__hover_enabled=&#8221;off&#8221; button_letter_spacing__hover_enabled=&#8221;off&#8221; button_one_letter_spacing__hover_enabled=&#8221;off&#8221; button_two_letter_spacing__hover_enabled=&#8221;off&#8221; button_bg_color__hover_enabled=&#8221;off&#8221; button_one_bg_color__hover_enabled=&#8221;off&#8221; button_two_bg_color__hover_enabled=&#8221;off&#8221;][\/et_pb_contact_field][et_pb_contact_field field_id=&#8221;Phone&#8221; field_title=&#8221;Puhelinnumero&#8221; min_length=&#8221;9&#8243; fullwidth_field=&#8221;on&#8221; _builder_version=&#8221;4.18.0&#8243; form_field_font=&#8221;|||on|||||&#8221; custom_margin=&#8221;|14px|20px|14px|false|false&#8221; border_width_all=&#8221;2px&#8221; global_colors_info=&#8221;{}&#8221; button_text_size__hover_enabled=&#8221;off&#8221; button_one_text_size__hover_enabled=&#8221;off&#8221; button_two_text_size__hover_enabled=&#8221;off&#8221; button_text_color__hover_enabled=&#8221;off&#8221; button_one_text_color__hover_enabled=&#8221;off&#8221; button_two_text_color__hover_enabled=&#8221;off&#8221; button_border_width__hover_enabled=&#8221;off&#8221; button_one_border_width__hover_enabled=&#8221;off&#8221; button_two_border_width__hover_enabled=&#8221;off&#8221; button_border_color__hover_enabled=&#8221;off&#8221; button_one_border_color__hover_enabled=&#8221;off&#8221; button_two_border_color__hover_enabled=&#8221;off&#8221; button_border_radius__hover_enabled=&#8221;off&#8221; button_one_border_radius__hover_enabled=&#8221;off&#8221; button_two_border_radius__hover_enabled=&#8221;off&#8221; button_letter_spacing__hover_enabled=&#8221;off&#8221; button_one_letter_spacing__hover_enabled=&#8221;off&#8221; button_two_letter_spacing__hover_enabled=&#8221;off&#8221; button_bg_color__hover_enabled=&#8221;off&#8221; button_one_bg_color__hover_enabled=&#8221;off&#8221; button_two_bg_color__hover_enabled=&#8221;off&#8221;][\/et_pb_contact_field][et_pb_contact_field field_id=&#8221;Type&#8221; field_title=&#8221;Valitse kurssi:&#8221; field_type=&#8221;radio&#8221; radio_options=&#8221;%91{%22value%22:%22B &#8211; kortti%22,%22checked%22:0,%22dragID%22:-1},{%22value%22:%22Exchange foreign driving licene%22,%22checked%22:1,%22dragID%22:3},{%22value%22:%22Kortillinen%22,%22checked%22:0,%22dragID%22:1},{%22value%22:%22Opetusn\u00e4yte%22,%22checked%22:0,%22dragID%22:2}%93&#8243; fullwidth_field=&#8221;on&#8221; _builder_version=&#8221;4.18.0&#8243; _module_preset=&#8221;default&#8221; form_field_font=&#8221;|||on|||||&#8221; custom_margin=&#8221;||20px|28px|false|false&#8221; custom_padding=&#8221;||||false|false&#8221; border_width_all=&#8221;2px&#8221; global_colors_info=&#8221;{}&#8221;][\/et_pb_contact_field][\/et_pb_contact_form][\/et_pb_column][\/et_pb_row][\/et_pb_section]<\/p>\n","protected":false},"excerpt":{"rendered":"<p>It is not rocket science Exchanging driving licenceProcess how foreign driving licence is exchanged to Finnish driving licence depends on the country issued the licence. There exists three possible scenarios how B-licence can be exchanged: your driving licence can be exchanged to Finnish driving licence without exam you need to pass theory and driving exam [&hellip;]<\/p>\n","protected":false},"author":1,"featured_media":0,"parent":0,"menu_order":3,"comment_status":"closed","ping_status":"closed","template":"","meta":{"_et_pb_use_builder":"on","_et_pb_old_content":"","_et_gb_content_width":"","footnotes":""},"class_list":["post-230874","page","type-page","status-publish","hentry"],"yoast_head":"<!-- This site is optimized with the Yoast SEO plugin v27.3 - https:\/\/yoast.com\/product\/yoast-seo-wordpress\/ -->\n<title>Outokoulu - exchanging foreign driving licence to Finnish one<\/title>\n<meta name=\"description\" content=\"Outokoulu at Sein\u00e4joki will help you to exchange your foreign B-class driving licence to a Finnish driving licence\" \/>\n<meta name=\"robots\" content=\"index, follow, max-snippet:-1, max-image-preview:large, max-video-preview:-1\" \/>\n<link rel=\"canonical\" href=\"https:\/\/outokoulu.fi\/en\/exchange-foreign-driving-licence\/\" \/>\n<meta property=\"og:locale\" content=\"en_GB\" \/>\n<meta property=\"og:type\" content=\"article\" \/>\n<meta property=\"og:title\" content=\"Outokoulu - exchanging foreign driving licence to Finnish one\" \/>\n<meta property=\"og:description\" content=\"Outokoulu at Sein\u00e4joki will help you to exchange your foreign B-class driving licence to a Finnish driving licence\" \/>\n<meta property=\"og:url\" content=\"https:\/\/outokoulu.fi\/en\/exchange-foreign-driving-licence\/\" \/>\n<meta property=\"og:site_name\" content=\"Outokoulu\" \/>\n<meta property=\"article:publisher\" content=\"https:\/\/www.facebook.com\/outokoulu\" \/>\n<meta property=\"article:modified_time\" content=\"2024-06-30T08:48:15+00:00\" \/>\n<meta property=\"og:image\" content=\"https:\/\/outokoulu.fi\/wp-content\/uploads\/2020\/01\/20200112_120511-scaled.jpg\" \/>\n\t<meta property=\"og:image:width\" content=\"2560\" \/>\n\t<meta property=\"og:image:height\" content=\"1547\" \/>\n\t<meta property=\"og:image:type\" content=\"image\/jpeg\" \/>\n<meta name=\"twitter:label1\" content=\"Estimated reading time\" \/>\n\t<meta name=\"twitter:data1\" content=\"9 minutes\" \/>\n<script type=\"application\/ld+json\" class=\"yoast-schema-graph\">{\"@context\":\"https:\\\/\\\/schema.org\",\"@graph\":[{\"@type\":\"WebPage\",\"@id\":\"https:\\\/\\\/outokoulu.fi\\\/exchange-foreign-driving-licence\\\/\",\"url\":\"https:\\\/\\\/outokoulu.fi\\\/exchange-foreign-driving-licence\\\/\",\"name\":\"Outokoulu - exchanging foreign driving licence to Finnish one\",\"isPartOf\":{\"@id\":\"https:\\\/\\\/outokoulu.fi\\\/#website\"},\"datePublished\":\"2022-08-26T19:51:02+00:00\",\"dateModified\":\"2024-06-30T08:48:15+00:00\",\"description\":\"Outokoulu at Sein\u00e4joki will help you to exchange your foreign B-class driving licence to a Finnish driving licence\",\"breadcrumb\":{\"@id\":\"https:\\\/\\\/outokoulu.fi\\\/exchange-foreign-driving-licence\\\/#breadcrumb\"},\"inLanguage\":\"en-GB\",\"potentialAction\":[{\"@type\":\"ReadAction\",\"target\":[\"https:\\\/\\\/outokoulu.fi\\\/exchange-foreign-driving-licence\\\/\"]}]},{\"@type\":\"BreadcrumbList\",\"@id\":\"https:\\\/\\\/outokoulu.fi\\\/exchange-foreign-driving-licence\\\/#breadcrumb\",\"itemListElement\":[{\"@type\":\"ListItem\",\"position\":1,\"name\":\"Koti\",\"item\":\"https:\\\/\\\/outokoulu.fi\\\/\"},{\"@type\":\"ListItem\",\"position\":2,\"name\":\"Exchange\"}]},{\"@type\":\"WebSite\",\"@id\":\"https:\\\/\\\/outokoulu.fi\\\/#website\",\"url\":\"https:\\\/\\\/outokoulu.fi\\\/\",\"name\":\"Outokoulu\",\"description\":\"Autokoulu Sein&auml;joella ajo-opetusta B-korttia varten\",\"publisher\":{\"@id\":\"https:\\\/\\\/outokoulu.fi\\\/#organization\"},\"potentialAction\":[{\"@type\":\"SearchAction\",\"target\":{\"@type\":\"EntryPoint\",\"urlTemplate\":\"https:\\\/\\\/outokoulu.fi\\\/?s={search_term_string}\"},\"query-input\":{\"@type\":\"PropertyValueSpecification\",\"valueRequired\":true,\"valueName\":\"search_term_string\"}}],\"inLanguage\":\"en-GB\"},{\"@type\":\"Organization\",\"@id\":\"https:\\\/\\\/outokoulu.fi\\\/#organization\",\"name\":\"Outokoulu\",\"url\":\"https:\\\/\\\/outokoulu.fi\\\/\",\"logo\":{\"@type\":\"ImageObject\",\"inLanguage\":\"en-GB\",\"@id\":\"https:\\\/\\\/outokoulu.fi\\\/#\\\/schema\\\/logo\\\/image\\\/\",\"url\":\"https:\\\/\\\/outokoulu.fi\\\/wp-content\\\/uploads\\\/2020\\\/01\\\/logo-1-e1589646780918.png\",\"contentUrl\":\"https:\\\/\\\/outokoulu.fi\\\/wp-content\\\/uploads\\\/2020\\\/01\\\/logo-1-e1589646780918.png\",\"width\":191,\"height\":30,\"caption\":\"Outokoulu\"},\"image\":{\"@id\":\"https:\\\/\\\/outokoulu.fi\\\/#\\\/schema\\\/logo\\\/image\\\/\"},\"sameAs\":[\"https:\\\/\\\/www.facebook.com\\\/outokoulu\",\"https:\\\/\\\/www.instagram.com\\\/outokoulu\"]}]}<\/script>\n<!-- \/ Yoast SEO plugin. -->","yoast_head_json":{"title":"Outokoulu - exchanging foreign driving licence to Finnish one","description":"Outokoulu at Sein\u00e4joki will help you to exchange your foreign B-class driving licence to a Finnish driving licence","robots":{"index":"index","follow":"follow","max-snippet":"max-snippet:-1","max-image-preview":"max-image-preview:large","max-video-preview":"max-video-preview:-1"},"canonical":"https:\/\/outokoulu.fi\/en\/exchange-foreign-driving-licence\/","og_locale":"en_GB","og_type":"article","og_title":"Outokoulu - exchanging foreign driving licence to Finnish one","og_description":"Outokoulu at Sein\u00e4joki will help you to exchange your foreign B-class driving licence to a Finnish driving licence","og_url":"https:\/\/outokoulu.fi\/en\/exchange-foreign-driving-licence\/","og_site_name":"Outokoulu","article_publisher":"https:\/\/www.facebook.com\/outokoulu","article_modified_time":"2024-06-30T08:48:15+00:00","og_image":[{"width":2560,"height":1547,"url":"https:\/\/outokoulu.fi\/wp-content\/uploads\/2020\/01\/20200112_120511-scaled.jpg","type":"image\/jpeg"}],"twitter_misc":{"Estimated reading time":"9 minutes"},"schema":{"@context":"https:\/\/schema.org","@graph":[{"@type":"WebPage","@id":"https:\/\/outokoulu.fi\/exchange-foreign-driving-licence\/","url":"https:\/\/outokoulu.fi\/exchange-foreign-driving-licence\/","name":"Outokoulu - exchanging foreign driving licence to Finnish one","isPartOf":{"@id":"https:\/\/outokoulu.fi\/#website"},"datePublished":"2022-08-26T19:51:02+00:00","dateModified":"2024-06-30T08:48:15+00:00","description":"Outokoulu at Sein\u00e4joki will help you to exchange your foreign B-class driving licence to a Finnish driving licence","breadcrumb":{"@id":"https:\/\/outokoulu.fi\/exchange-foreign-driving-licence\/#breadcrumb"},"inLanguage":"en-GB","potentialAction":[{"@type":"ReadAction","target":["https:\/\/outokoulu.fi\/exchange-foreign-driving-licence\/"]}]},{"@type":"BreadcrumbList","@id":"https:\/\/outokoulu.fi\/exchange-foreign-driving-licence\/#breadcrumb","itemListElement":[{"@type":"ListItem","position":1,"name":"Koti","item":"https:\/\/outokoulu.fi\/"},{"@type":"ListItem","position":2,"name":"Exchange"}]},{"@type":"WebSite","@id":"https:\/\/outokoulu.fi\/#website","url":"https:\/\/outokoulu.fi\/","name":"Outokoulu","description":"Driving school at Sein\u00e4joki for B-class licence","publisher":{"@id":"https:\/\/outokoulu.fi\/#organization"},"potentialAction":[{"@type":"SearchAction","target":{"@type":"EntryPoint","urlTemplate":"https:\/\/outokoulu.fi\/?s={search_term_string}"},"query-input":{"@type":"PropertyValueSpecification","valueRequired":true,"valueName":"search_term_string"}}],"inLanguage":"en-GB"},{"@type":"Organization","@id":"https:\/\/outokoulu.fi\/#organization","name":"Outokoulu","url":"https:\/\/outokoulu.fi\/","logo":{"@type":"ImageObject","inLanguage":"en-GB","@id":"https:\/\/outokoulu.fi\/#\/schema\/logo\/image\/","url":"https:\/\/outokoulu.fi\/wp-content\/uploads\/2020\/01\/logo-1-e1589646780918.png","contentUrl":"https:\/\/outokoulu.fi\/wp-content\/uploads\/2020\/01\/logo-1-e1589646780918.png","width":191,"height":30,"caption":"Outokoulu"},"image":{"@id":"https:\/\/outokoulu.fi\/#\/schema\/logo\/image\/"},"sameAs":["https:\/\/www.facebook.com\/outokoulu","https:\/\/www.instagram.com\/outokoulu"]}]}},"_links":{"self":[{"href":"https:\/\/outokoulu.fi\/en\/wp-json\/wp\/v2\/pages\/230874","targetHints":{"allow":["GET"]}}],"collection":[{"href":"https:\/\/outokoulu.fi\/en\/wp-json\/wp\/v2\/pages"}],"about":[{"href":"https:\/\/outokoulu.fi\/en\/wp-json\/wp\/v2\/types\/page"}],"author":[{"embeddable":true,"href":"https:\/\/outokoulu.fi\/en\/wp-json\/wp\/v2\/users\/1"}],"replies":[{"embeddable":true,"href":"https:\/\/outokoulu.fi\/en\/wp-json\/wp\/v2\/comments?post=230874"}],"version-history":[{"count":0,"href":"https:\/\/outokoulu.fi\/en\/wp-json\/wp\/v2\/pages\/230874\/revisions"}],"wp:attachment":[{"href":"https:\/\/outokoulu.fi\/en\/wp-json\/wp\/v2\/media?parent=230874"}],"curies":[{"name":"wp","href":"https:\/\/api.w.org\/{rel}","templated":true}]}}