{"id":230794,"date":"2022-02-17T22:51:59","date_gmt":"2022-02-17T20:51:59","guid":{"rendered":"https:\/\/outokoulu.fi\/?page_id=230794"},"modified":"2024-06-24T20:21:24","modified_gmt":"2024-06-24T18:21:24","slug":"tietosuojaseloste","status":"publish","type":"page","link":"https:\/\/outokoulu.fi\/en\/tietosuojaseloste\/","title":{"rendered":"Privacy policy"},"content":{"rendered":"[et_pb_section fb_built=&#8221;1&#8243; admin_label=&#8221;section&#8221; _builder_version=&#8221;4.16&#8243; global_colors_info=&#8221;{}&#8221;][et_pb_row admin_label=&#8221;row&#8221; _builder_version=&#8221;4.25.2&#8243; background_size=&#8221;initial&#8221; background_position=&#8221;top_left&#8221; background_repeat=&#8221;repeat&#8221; custom_margin=&#8221;20px||||false|false&#8221; global_colors_info=&#8221;{}&#8221;][et_pb_column type=&#8221;4_4&#8243; _builder_version=&#8221;4.25.2&#8243; custom_padding=&#8221;|||&#8221; global_colors_info=&#8221;{}&#8221; custom_padding__hover=&#8221;|||&#8221;][et_pb_text admin_label=&#8221;Text&#8221; _builder_version=&#8221;4.16&#8243; background_size=&#8221;initial&#8221; background_position=&#8221;top_left&#8221; background_repeat=&#8221;repeat&#8221; global_colors_info=&#8221;{}&#8221;]<p><\/p>\n<p>T\u00e4m\u00e4 on Outokoulun EU:n yleisen tietosuoja-asetuksen (GDPR) mukainen rekisteri- ja tietosuojaseloste.<\/p>\n<p><\/p>\n<p><\/p>\n<p>Laadittu 15.2.2022. Viimeksi muutettu 24.6.2024.<\/p>\n<p><\/p>\n<p><\/p>\n<h2 class=\"wp-block-heading\" id=\"rekisterinpitaja\"><strong>Rekisterinpit\u00e4j\u00e4<\/strong><\/h2>\n<p><\/p>\n<p><\/p>\n<p>Outokoulu<br \/>c\/o Ritva Kari<br \/>Kondukt\u00f6\u00f6rinkatu 2 C 39<br \/>60100 Sein\u00e4joki<br \/>Y-tunnnus 3102359-8<\/p>\n<p><\/p>\n<p><\/p>\n<h2 class=\"wp-block-heading\" id=\"rekisterista-vastaava-yhteyshenkilo\"><strong>Rekisterist\u00e4 vastaava yhteyshenkil\u00f6<\/strong><\/h2>\n<p><\/p>\n<p><\/p>\n<p>Ritva Kari<br \/><a href=\"mailto:ritu@outokoulu.fi\">ritu@outokoulu.fi<\/a><br \/>puh. 050 5949200<\/p>\n<p><\/p>\n<p><\/p>\n<h2 class=\"wp-block-heading\" id=\"rekisterin-nimi\"><strong>Rekisterin nimi<\/strong><\/h2>\n<p><\/p>\n<p><\/p>\n<p>Outokoulun oppilas- ja asiakasrekisteri<\/p>\n<p><\/p>\n<p><\/p>\n<h2 class=\"wp-block-heading\" id=\"oikeusperuste-ja-henkilotietojen-kasittelyn-tarkoitus\"><strong>Oikeusperuste ja henkil\u00f6tietojen k\u00e4sittelyn tarkoitus<\/strong><\/h2>\n<p><\/p>\n<p><\/p>\n<p>EU:n yleisen tietosuoja-asetuksen mukainen oikeusperuste henkil\u00f6tietojen k\u00e4sittelylle on osapuolten v\u00e4linen sopimus.<\/p>\n<p><\/p>\n<p><\/p>\n<p>Henkil\u00f6tietojen k\u00e4sittelyn tarkoituksena on asiakassuhteen hoitaminen, opetuksen j\u00e4rjest\u00e4minen, laskutus ja mahdollinen perint\u00e4.<\/p>\n<p><\/p>\n<p><\/p>\n<p>Tietoja ei k\u00e4ytet\u00e4 suoramarkkinointiin.<\/p>\n<p><\/p>\n<p><\/p>\n<h2 class=\"wp-block-heading\" id=\"rekisterin-tietosisalto-ja-tietojen-sailytysaika\"><strong>Rekisterin tietosis\u00e4lt\u00f6 ja tietojen s\u00e4ilytysaika<\/strong><\/h2>\n<p><\/p>\n<p><\/p>\n<p>Rekisteriin tallennettavia tietoja ovat:<br \/>&#8211; oppilaan tiedot kuten nimi, yhteystiedot ja henkil\u00f6tunnus<br \/>&#8211; laskutustiedot kuten maksajan nimi ja yhteystiedot<br \/>&#8211; yritysasiakkaiden osalta nimi, yhteystiedot ja y-tunnus<br \/>&#8211; opetus ja tutkintotiedot kuten opetuksen aloitusp\u00e4iv\u00e4, oppituntien ajankohta ja sis\u00e4lt\u00f6<br \/>&#8211; oppilaalle annetut EAS- ja RTK-todistukset<br \/>&#8211; yhteydenotot ja palautteet<\/p>\n<p><\/p>\n<p><\/p>\n<p>Laskutustietoja ja tositteita s\u00e4ilytet\u00e4\u00e4n kirjanpitolain mukaisesti tilikauden p\u00e4\u00e4ttymisen j\u00e4lkeen kuuden vuoden ajan.<\/p>\n<p><\/p>\n<p><\/p>\n<p>Oppilaskirjanpitoa s\u00e4ilytet\u00e4\u00e4n ajokorttilain mukaisesti opetuksen j\u00e4rjest\u00e4misvuotta seuraavan kuuden vuoden ajan.<\/p>\n<p><\/p>\n<p><\/p>\n<h2 class=\"wp-block-heading\" id=\"saannonmukaiset-tietolahteet\"><strong>S\u00e4\u00e4nn\u00f6nmukaiset tietol\u00e4hteet<\/strong><\/h2>\n<p><\/p>\n<p><\/p>\n<p>Rekisteriin tallennettavat tiedot saadaan rekister\u00f6idyilt\u00e4 itselt\u00e4\u00e4n palveluiden tilaamisen ja k\u00e4yt\u00f6n yhteydess\u00e4.<\/p>\n<p><\/p>\n<p><\/p>\n<p>Yritysten ja muiden organisaatioiden yhteystietoja voidaan ker\u00e4t\u00e4 my\u00f6s julkisista l\u00e4hteist\u00e4 kuten verkkosivuilta.<\/p>\n<p><\/p>\n<p><\/p>\n<h2 class=\"wp-block-heading\" id=\"tietojen-saannonmukaiset-luovutukset-ja-tietojen-siirto-eu-n-tai-eta-n-ulkopuolelle\"><strong>Tietojen s\u00e4\u00e4nn\u00f6nmukaiset luovutukset ja tietojen siirto EU:n tai ETA:n ulkopuolelle<\/strong><\/h2>\n<p><\/p>\n<p><\/p>\n<p>Teoriaharjoittelua varten oppilaan s\u00e4hk\u00f6postiosoite ja nimi luovutetaan Ajokaista Oy:lle k\u00e4ytt\u00e4j\u00e4tunnuksen luomiseksi.<\/p>\n<p><\/p>\n<p><\/p>\n<p>Ajokorttiluvan hakemiseksi ja tutkinnon varaamiseksi oppilaan henkil\u00f6- ja opetustietoja luovutetaan Ajovarma Oy:lle ajokorttilain perusteella.<\/p>\n<p><\/p>\n<p><\/p>\n<p>Laskutus- ja maksutietoja luovutetaan tilitoimistolle.<\/p>\n<p><\/p>\n<p><\/p>\n<p>Rekisterin tietoja voidaan luovuttaa lains\u00e4\u00e4d\u00e4nt\u00f6\u00f6n perustuen toimivaltaisille viranomaisille mm. autokoulun valvonnan yhteydess\u00e4.<\/p>\n<p><\/p>\n<p><\/p>\n<p>Saatavien perimiseksi, mahdollisten rikkomusten tutkimiseksi taikka oikeusvaateen laatimiseksi, esitt\u00e4miseksi tai puolustamiseksi rekister\u00f6idyn henkil\u00f6tietoja voidaan luovittaa kolmannelle osapuolelle.<\/p>\n<p><\/p>\n<p><\/p>\n<p>Rekisterin tietoja ei siirret\u00e4 EU:n tai ETA:n ulkopuolelle.<\/p>\n<p><\/p>\n<p><\/p>\n<h2 class=\"wp-block-heading\" id=\"rekisterin-suojauksen-periaatteet\"><strong>Rekisterin suojauksen periaatteet<\/strong><\/h2>\n<p><\/p>\n<p><\/p>\n<p>Rekisterin tietoja s\u00e4ilytet\u00e4\u00e4n suojattuna useilla eri tavoilla mm. palomuurilla, lukituksella ja salasanalla. P\u00e4\u00e4sy tietoihin vaatii riitt\u00e4v\u00e4t k\u00e4ytt\u00f6oikeudet.<\/p>\n<p><\/p>\n<p><\/p>\n<p>Rekisterin tietoihin p\u00e4\u00e4see k\u00e4siksi ainoastaan erikseen nimetyt henkil\u00f6t: Outokoulun yritt\u00e4j\u00e4 ja tietoturvavastaava.<\/p>\n<p><\/p>\n<p><\/p>\n<h2 class=\"wp-block-heading\" id=\"tarkastusoikeus-ja-oikeus-vaatia-tiedon-korjaamista\"><strong>Tarkastusoikeus ja oikeus vaatia tiedon korjaamista<\/strong><\/h2>\n<p><\/p>\n<p><\/p>\n<p>Jokaisella rekisteriss\u00e4 olevalla henkil\u00f6ll\u00e4 on oikeus tarkistaa rekisteriin tallennetut tietonsa ja vaatia mahdollisen virheellisen tiedon korjaamista tai puutteellisen tiedon t\u00e4ydent\u00e4mist\u00e4. Mik\u00e4li henkil\u00f6 haluaa tarkistaa h\u00e4nest\u00e4 tallennetut tiedot tai vaatia niihin oikaisua, on pyynt\u00f6 l\u00e4hetett\u00e4v\u00e4 rekisterinpit\u00e4j\u00e4lle. Rekisterinpit\u00e4j\u00e4 voi pyyt\u00e4\u00e4 tarvittaessa pyynn\u00f6n esitt\u00e4j\u00e4\u00e4 todistamaan henkil\u00f6llisyytens\u00e4. Rekisterinpit\u00e4j\u00e4 vastaa asiakkaalle EU:n tietosuoja-asetuksessa s\u00e4\u00e4detyss\u00e4 ajassa.<\/p>\n<p><\/p>\n<p><\/p>\n<h2 class=\"wp-block-heading\" id=\"muut-henkilotietojen-kasittelyyn-liittyvat-oikeudet\"><strong>Muut henkil\u00f6tietojen k\u00e4sittelyyn liittyv\u00e4t oikeudet<\/strong><\/h2>\n<p><\/p>\n<p><\/p>\n<p>Rekisteriss\u00e4 olevalla henkil\u00f6ll\u00e4 on oikeus pyyt\u00e4\u00e4 h\u00e4nt\u00e4 koskevien henkil\u00f6tietojen poistamisen rekisterist\u00e4 (\u201doikeus tulla unohdetuksi\u201d). Pyynt\u00f6 tulee l\u00e4hett\u00e4\u00e4 rekisterinpit\u00e4j\u00e4lle. Rekisterinpit\u00e4j\u00e4 voi pyyt\u00e4 tarvittaessa pyynn\u00f6n esitt\u00e4j\u00e4\u00e4 todistamaan henkil\u00f6llisyytens\u00e4. Rekisterinpit\u00e4j\u00e4 vastaa asiakkaalle EU:n tietosuoja-asetuksessa s\u00e4\u00e4detyss\u00e4 ajassa.<\/p>\n<p><\/p>\n<p><\/p>\n<p>Tietoja ei kuitenkaan poisteta niilt\u00e4 osin, kun ne ovat tarpeen s\u00e4ilytt\u00e4\u00e4 lakis\u00e4\u00e4teisen velvoitteen noudattamiseksi tai rekister\u00f6idyn ja rekisterinpit\u00e4j\u00e4n v\u00e4lisen sopimussuhteen t\u00e4ytt\u00e4miseksi tai oikeudellisen vaateen laatimiseksi, esitt\u00e4miseksi tai puolustamiseksi.<\/p>\n<p><\/p>\n<p><\/p>\n<p>Rekister\u00f6idyll\u00e4 on oikeus tehd\u00e4 valitus viranomaiselle, mik\u00e4li h\u00e4n katsoo, ett\u00e4 tietoja on k\u00e4sitelty voimassa olevan tietosuojalains\u00e4\u00e4d\u00e4nn\u00f6n vastaisesti.<\/p>\n<p><\/p>\n<p><\/p>\n<h2 class=\"wp-block-heading\" id=\"evasteet\"><strong>Ev\u00e4steet<\/strong><\/h2>\n<p><\/p>\n<p><\/p>\n<p>Outokoulun www-sivustoilla ei k\u00e4ytet\u00e4 ev\u00e4steit\u00e4.<\/p>\n<p><\/p>[\/et_pb_text][\/et_pb_column][\/et_pb_row][\/et_pb_section]","protected":false},"excerpt":{"rendered":"<p>T\u00e4m\u00e4 on Outokoulun EU:n yleisen tietosuoja-asetuksen (GDPR) mukainen rekisteri- ja tietosuojaseloste. Laadittu 15.2.2022. Viimeksi muutettu 24.6.2024. Rekisterinpit\u00e4j\u00e4 Outokouluc\/o Ritva KariKondukt\u00f6\u00f6rinkatu 2 C 3960100 Sein\u00e4jokiY-tunnnus 3102359-8 Rekisterist\u00e4 vastaava yhteyshenkil\u00f6 Ritva Kariritu@outokoulu.fipuh. 050 5949200 Rekisterin nimi Outokoulun oppilas- ja asiakasrekisteri Oikeusperuste ja henkil\u00f6tietojen k\u00e4sittelyn tarkoitus EU:n yleisen tietosuoja-asetuksen mukainen oikeusperuste henkil\u00f6tietojen k\u00e4sittelylle on osapuolten v\u00e4linen sopimus. Henkil\u00f6tietojen [&hellip;]<\/p>\n","protected":false},"author":1,"featured_media":0,"parent":0,"menu_order":0,"comment_status":"closed","ping_status":"closed","template":"","meta":{"_et_pb_use_builder":"on","_et_pb_old_content":"<!-- wp:paragraph -->\n<p>T\u00e4m\u00e4 on Outokoulun EU:n yleisen tietosuoja-asetuksen (GDPR) mukainen rekisteri- ja tietosuojaseloste.<\/p>\n<!-- \/wp:paragraph -->\n\n<!-- wp:paragraph -->\n<p>Laadittu 15.2.2022. Viimeksi muutettu 17.2.2022.<\/p>\n<!-- \/wp:paragraph -->\n\n<!-- wp:heading -->\n<h2 id=\"rekisterinpitaja\"><strong>Rekisterinpit\u00e4j\u00e4<\/strong><\/h2>\n<!-- \/wp:heading -->\n\n<!-- wp:paragraph -->\n<p>Outokoulu<br>c\/o Ritva Kari<br>Kondukt\u00f6\u00f6rinkatu 2 C 39<br>60100 Sein\u00e4joki<br>Y-tunnnus 3102359-8<\/p>\n<!-- \/wp:paragraph -->\n\n<!-- wp:heading -->\n<h2 id=\"rekisterista-vastaava-yhteyshenkilo\"><strong>Rekisterist\u00e4 vastaava yhteyshenkil\u00f6<\/strong><\/h2>\n<!-- \/wp:heading -->\n\n<!-- wp:paragraph -->\n<p>Ritva Kari<br><a href=\"mailto:ritu@outokoulu.fi\">ritu@outokoulu.fi<\/a><br>puh. 050 5949200<\/p>\n<!-- \/wp:paragraph -->\n\n<!-- wp:heading -->\n<h2 id=\"rekisterin-nimi\"><strong>Rekisterin nimi<\/strong><\/h2>\n<!-- \/wp:heading -->\n\n<!-- wp:paragraph -->\n<p>Outokoulun oppilas- ja asiakasrekisteri<\/p>\n<!-- \/wp:paragraph -->\n\n<!-- wp:heading -->\n<h2 id=\"oikeusperuste-ja-henkilotietojen-kasittelyn-tarkoitus\"><strong>Oikeusperuste ja henkil\u00f6tietojen k\u00e4sittelyn tarkoitus<\/strong><\/h2>\n<!-- \/wp:heading -->\n\n<!-- wp:paragraph -->\n<p>EU:n yleisen tietosuoja-asetuksen mukainen oikeusperuste henkil\u00f6tietojen k\u00e4sittelylle on osapuolten v\u00e4linen sopimus.<\/p>\n<!-- \/wp:paragraph -->\n\n<!-- wp:paragraph -->\n<p>Henkil\u00f6tietojen k\u00e4sittelyn tarkoituksena on asiakassuhteen hoitaminen, opetuksen j\u00e4rjest\u00e4minen, laskutus ja mahdollinen perint\u00e4.<\/p>\n<!-- \/wp:paragraph -->\n\n<!-- wp:paragraph -->\n<p>Tietoja ei k\u00e4ytet\u00e4 suoramarkkinointiin.<\/p>\n<!-- \/wp:paragraph -->\n\n<!-- wp:heading -->\n<h2 id=\"rekisterin-tietosisalto-ja-tietojen-sailytysaika\"><strong>Rekisterin tietosis\u00e4lt\u00f6 ja tietojen s\u00e4ilytysaika<\/strong><\/h2>\n<!-- \/wp:heading -->\n\n<!-- wp:paragraph -->\n<p>Rekisteriin tallennettavia tietoja ovat:<br>- oppilaan tiedot kuten nimi, yhteystiedot ja henkil\u00f6tunnus<br>- laskutustiedot kuten maksajan nimi ja yhteystiedot<br>- yritysasiakkaiden osalta nimi, yhteystiedot ja y-tunnus<br>- opetus ja tutkintotiedot kuten opetuksen aloitusp\u00e4iv\u00e4, oppituntien ajankohta ja sis\u00e4lt\u00f6<br>- oppilaalle annetut EAS- ja RTK-todistukset<br>- yhteydenotot ja palautteet<\/p>\n<!-- \/wp:paragraph -->\n\n<!-- wp:paragraph -->\n<p>Laskutustietoja ja tositteita s\u00e4ilytet\u00e4\u00e4n kirjanpitolain mukaisesti tilikauden p\u00e4\u00e4ttymisen j\u00e4lkeen kuuden vuoden ajan.<\/p>\n<!-- \/wp:paragraph -->\n\n<!-- wp:paragraph -->\n<p>Oppilaskirjanpitoa s\u00e4ilytet\u00e4\u00e4n ajokorttilain mukaisesti opetuksen j\u00e4rjest\u00e4misvuotta seuraavan kuuden vuoden ajan.<\/p>\n<!-- \/wp:paragraph -->\n\n<!-- wp:heading -->\n<h2 id=\"saannonmukaiset-tietolahteet\"><strong>S\u00e4\u00e4nn\u00f6nmukaiset tietol\u00e4hteet<\/strong><\/h2>\n<!-- \/wp:heading -->\n\n<!-- wp:paragraph -->\n<p>Rekisteriin tallennettavat tiedot saadaan rekister\u00f6idyilt\u00e4 itselt\u00e4\u00e4n palveluiden tilaamisen ja k\u00e4yt\u00f6n yhteydess\u00e4.<\/p>\n<!-- \/wp:paragraph -->\n\n<!-- wp:paragraph -->\n<p>Yritysten ja muiden organisaatioiden yhteystietoja voidaan ker\u00e4t\u00e4 my\u00f6s julkisista l\u00e4hteist\u00e4 kuten verkkosivuilta.<\/p>\n<!-- \/wp:paragraph -->\n\n<!-- wp:heading -->\n<h2 id=\"tietojen-saannonmukaiset-luovutukset-ja-tietojen-siirto-eu-n-tai-eta-n-ulkopuolelle\"><strong>Tietojen s\u00e4\u00e4nn\u00f6nmukaiset luovutukset ja tietojen siirto EU:n tai ETA:n ulkopuolelle<\/strong><\/h2>\n<!-- \/wp:heading -->\n\n<!-- wp:paragraph -->\n<p>Teoriaharjoittelua varten oppilaan s\u00e4hk\u00f6postiosoite ja nimi luovutetaan Ajokaista Oy:lle k\u00e4ytt\u00e4j\u00e4tunnuksen luomiseksi.<\/p>\n<!-- \/wp:paragraph -->\n\n<!-- wp:paragraph -->\n<p>Ajokorttiluvan hakemiseksi ja tutkinnon varaamiseksi oppilaan henkil\u00f6- ja opetustietoja luovutetaan Ajovarma Oy:lle ajokorttilain perusteella.<\/p>\n<!-- \/wp:paragraph -->\n\n<!-- wp:paragraph -->\n<p>Laskutus- ja maksutietoja luovutetaan tilitoimistolle.<\/p>\n<!-- \/wp:paragraph -->\n\n<!-- wp:paragraph -->\n<p>Rekisterin tietoja voidaan luovuttaa lains\u00e4\u00e4d\u00e4nt\u00f6\u00f6n perustuen toimivaltaisille viranomaisille mm. autokoulun valvonnan yhteydess\u00e4.<\/p>\n<!-- \/wp:paragraph -->\n\n<!-- wp:paragraph -->\n<p>Saatavien perimiseksi, mahdollisten rikkomusten tutkimiseksi taikka oikeusvaateen laatimiseksi, esitt\u00e4miseksi tai puolustamiseksi rekister\u00f6idyn henkil\u00f6tietoja voidaan luovittaa kolmannelle osapuolelle.<\/p>\n<!-- \/wp:paragraph -->\n\n<!-- wp:paragraph -->\n<p>Rekisterin tietoja ei s\u00e4\u00e4nn\u00f6nmukaisesti siirret\u00e4 EU:n tai ETA:n ulkopuolelle.<\/p>\n<!-- \/wp:paragraph -->\n\n<!-- wp:heading -->\n<h2 id=\"rekisterin-suojauksen-periaatteet\"><strong>Rekisterin suojauksen periaatteet<\/strong><\/h2>\n<!-- \/wp:heading -->\n\n<!-- wp:paragraph -->\n<p>Rekisterin tietoja s\u00e4ilytet\u00e4\u00e4n suojattuna useilla eri tavoilla mm. palomuurilla, lukituksella ja salasanalla. P\u00e4\u00e4sy tietoihin vaatii riitt\u00e4v\u00e4t k\u00e4ytt\u00f6oikeudet.<\/p>\n<!-- \/wp:paragraph -->\n\n<!-- wp:paragraph -->\n<p>Rekisterin tietoihin p\u00e4\u00e4see k\u00e4siksi ainoastaan erikseen nimetyt henkil\u00f6t: Outokoulun yritt\u00e4j\u00e4 ja tietoturvavastaava.<\/p>\n<!-- \/wp:paragraph -->\n\n<!-- wp:heading -->\n<h2 id=\"tarkastusoikeus-ja-oikeus-vaatia-tiedon-korjaamista\"><strong>Tarkastusoikeus ja oikeus vaatia tiedon korjaamista<\/strong><\/h2>\n<!-- \/wp:heading -->\n\n<!-- wp:paragraph -->\n<p>Jokaisella rekisteriss\u00e4 olevalla henkil\u00f6ll\u00e4 on oikeus tarkistaa rekisteriin tallennetut tietonsa ja vaatia mahdollisen virheellisen tiedon korjaamista tai puutteellisen tiedon t\u00e4ydent\u00e4mist\u00e4. Mik\u00e4li henkil\u00f6 haluaa tarkistaa h\u00e4nest\u00e4 tallennetut tiedot tai vaatia niihin oikaisua, on pyynt\u00f6 l\u00e4hetett\u00e4v\u00e4 rekisterinpit\u00e4j\u00e4lle. Rekisterinpit\u00e4j\u00e4 voi pyyt\u00e4\u00e4 tarvittaessa pyynn\u00f6n esitt\u00e4j\u00e4\u00e4 todistamaan henkil\u00f6llisyytens\u00e4. Rekisterinpit\u00e4j\u00e4 vastaa asiakkaalle EU:n tietosuoja-asetuksessa s\u00e4\u00e4detyss\u00e4 ajassa.<\/p>\n<!-- \/wp:paragraph -->\n\n<!-- wp:heading -->\n<h2 id=\"muut-henkilotietojen-kasittelyyn-liittyvat-oikeudet\"><strong>Muut henkil\u00f6tietojen k\u00e4sittelyyn liittyv\u00e4t oikeudet<\/strong><\/h2>\n<!-- \/wp:heading -->\n\n<!-- wp:paragraph -->\n<p>Rekisteriss\u00e4 olevalla henkil\u00f6ll\u00e4 on oikeus pyyt\u00e4\u00e4 h\u00e4nt\u00e4 koskevien henkil\u00f6tietojen poistamisen rekisterist\u00e4 (\u201doikeus tulla unohdetuksi\u201d). Pyynt\u00f6 tulee l\u00e4hett\u00e4\u00e4 rekisterinpit\u00e4j\u00e4lle. Rekisterinpit\u00e4j\u00e4 voi pyyt\u00e4 tarvittaessa pyynn\u00f6n esitt\u00e4j\u00e4\u00e4 todistamaan henkil\u00f6llisyytens\u00e4. Rekisterinpit\u00e4j\u00e4 vastaa asiakkaalle EU:n tietosuoja-asetuksessa s\u00e4\u00e4detyss\u00e4 ajassa.<\/p>\n<!-- \/wp:paragraph -->\n\n<!-- wp:paragraph -->\n<p>Tietoja ei kuitenkaan poisteta niilt\u00e4 osin, kun ne ovat tarpeen s\u00e4ilytt\u00e4\u00e4 lakis\u00e4\u00e4teisen velvoitteen noudattamiseksi tai rekister\u00f6idyn ja rekisterinpit\u00e4j\u00e4n v\u00e4lisen sopimussuhteen t\u00e4ytt\u00e4miseksi tai oikeudellisen vaateen laatimiseksi, esitt\u00e4miseksi tai puolustamiseksi.<\/p>\n<!-- \/wp:paragraph -->\n\n<!-- wp:paragraph -->\n<p>Rekister\u00f6idyll\u00e4 on oikeus tehd\u00e4 valitus viranomaiselle, mik\u00e4li h\u00e4n katsoo, ett\u00e4 tietoja on k\u00e4sitelty voimassa olevan tietosuojalains\u00e4\u00e4d\u00e4nn\u00f6n vastaisesti.<\/p>\n<!-- \/wp:paragraph -->\n\n<!-- wp:heading -->\n<h2 id=\"evasteet\"><strong>Ev\u00e4steet<\/strong><\/h2>\n<!-- \/wp:heading -->\n\n<!-- wp:paragraph -->\n<p>Outokoulun www-sivustoilla ei k\u00e4ytet\u00e4 ev\u00e4steit\u00e4.<\/p>\n<!-- \/wp:paragraph -->","_et_gb_content_width":"","footnotes":""},"class_list":["post-230794","page","type-page","status-publish","hentry"],"yoast_head":"<!-- This site is optimized with the Yoast SEO plugin v27.3 - https:\/\/yoast.com\/product\/yoast-seo-wordpress\/ -->\n<title>Outokoulu<\/title>\n<meta name=\"description\" content=\"Outokoulun rekisteri- ja tietosuojaseloste\" \/>\n<meta name=\"robots\" content=\"index, follow, max-snippet:-1, max-image-preview:large, max-video-preview:-1\" \/>\n<link rel=\"canonical\" href=\"https:\/\/outokoulu.fi\/en\/tietosuojaseloste\/\" \/>\n<meta property=\"og:locale\" content=\"en_GB\" \/>\n<meta property=\"og:type\" content=\"article\" \/>\n<meta property=\"og:title\" content=\"Outokoulu\" \/>\n<meta property=\"og:description\" content=\"Outokoulun rekisteri- ja tietosuojaseloste\" \/>\n<meta property=\"og:url\" content=\"https:\/\/outokoulu.fi\/en\/tietosuojaseloste\/\" \/>\n<meta property=\"og:site_name\" content=\"Outokoulu\" \/>\n<meta property=\"article:publisher\" content=\"https:\/\/www.facebook.com\/outokoulu\" \/>\n<meta property=\"article:modified_time\" content=\"2024-06-24T18:21:24+00:00\" \/>\n<meta property=\"og:image\" content=\"https:\/\/outokoulu.fi\/wp-content\/uploads\/2020\/01\/20200112_120511-scaled.jpg\" \/>\n\t<meta property=\"og:image:width\" content=\"2560\" \/>\n\t<meta property=\"og:image:height\" content=\"1547\" \/>\n\t<meta property=\"og:image:type\" content=\"image\/jpeg\" \/>\n<meta name=\"twitter:label1\" content=\"Estimated reading time\" \/>\n\t<meta name=\"twitter:data1\" content=\"3 minutes\" \/>\n<script type=\"application\/ld+json\" class=\"yoast-schema-graph\">{\"@context\":\"https:\\\/\\\/schema.org\",\"@graph\":[{\"@type\":\"WebPage\",\"@id\":\"https:\\\/\\\/outokoulu.fi\\\/tietosuojaseloste\\\/\",\"url\":\"https:\\\/\\\/outokoulu.fi\\\/tietosuojaseloste\\\/\",\"name\":\"Outokoulu\",\"isPartOf\":{\"@id\":\"https:\\\/\\\/outokoulu.fi\\\/#website\"},\"datePublished\":\"2022-02-17T20:51:59+00:00\",\"dateModified\":\"2024-06-24T18:21:24+00:00\",\"description\":\"Outokoulun rekisteri- ja tietosuojaseloste\",\"breadcrumb\":{\"@id\":\"https:\\\/\\\/outokoulu.fi\\\/tietosuojaseloste\\\/#breadcrumb\"},\"inLanguage\":\"en-GB\",\"potentialAction\":[{\"@type\":\"ReadAction\",\"target\":[\"https:\\\/\\\/outokoulu.fi\\\/tietosuojaseloste\\\/\"]}]},{\"@type\":\"BreadcrumbList\",\"@id\":\"https:\\\/\\\/outokoulu.fi\\\/tietosuojaseloste\\\/#breadcrumb\",\"itemListElement\":[{\"@type\":\"ListItem\",\"position\":1,\"name\":\"Koti\",\"item\":\"https:\\\/\\\/outokoulu.fi\\\/\"},{\"@type\":\"ListItem\",\"position\":2,\"name\":\"Tietosuojaseloste\"}]},{\"@type\":\"WebSite\",\"@id\":\"https:\\\/\\\/outokoulu.fi\\\/#website\",\"url\":\"https:\\\/\\\/outokoulu.fi\\\/\",\"name\":\"Outokoulu\",\"description\":\"Autokoulu Sein&auml;joella ajo-opetusta B-korttia varten\",\"publisher\":{\"@id\":\"https:\\\/\\\/outokoulu.fi\\\/#organization\"},\"potentialAction\":[{\"@type\":\"SearchAction\",\"target\":{\"@type\":\"EntryPoint\",\"urlTemplate\":\"https:\\\/\\\/outokoulu.fi\\\/?s={search_term_string}\"},\"query-input\":{\"@type\":\"PropertyValueSpecification\",\"valueRequired\":true,\"valueName\":\"search_term_string\"}}],\"inLanguage\":\"en-GB\"},{\"@type\":\"Organization\",\"@id\":\"https:\\\/\\\/outokoulu.fi\\\/#organization\",\"name\":\"Outokoulu\",\"url\":\"https:\\\/\\\/outokoulu.fi\\\/\",\"logo\":{\"@type\":\"ImageObject\",\"inLanguage\":\"en-GB\",\"@id\":\"https:\\\/\\\/outokoulu.fi\\\/#\\\/schema\\\/logo\\\/image\\\/\",\"url\":\"https:\\\/\\\/outokoulu.fi\\\/wp-content\\\/uploads\\\/2020\\\/01\\\/logo-1-e1589646780918.png\",\"contentUrl\":\"https:\\\/\\\/outokoulu.fi\\\/wp-content\\\/uploads\\\/2020\\\/01\\\/logo-1-e1589646780918.png\",\"width\":191,\"height\":30,\"caption\":\"Outokoulu\"},\"image\":{\"@id\":\"https:\\\/\\\/outokoulu.fi\\\/#\\\/schema\\\/logo\\\/image\\\/\"},\"sameAs\":[\"https:\\\/\\\/www.facebook.com\\\/outokoulu\",\"https:\\\/\\\/www.instagram.com\\\/outokoulu\"]}]}<\/script>\n<!-- \/ Yoast SEO plugin. -->","yoast_head_json":{"title":"Outokoulu","description":"Outokoulun rekisteri- ja tietosuojaseloste","robots":{"index":"index","follow":"follow","max-snippet":"max-snippet:-1","max-image-preview":"max-image-preview:large","max-video-preview":"max-video-preview:-1"},"canonical":"https:\/\/outokoulu.fi\/en\/tietosuojaseloste\/","og_locale":"en_GB","og_type":"article","og_title":"Outokoulu","og_description":"Outokoulun rekisteri- ja tietosuojaseloste","og_url":"https:\/\/outokoulu.fi\/en\/tietosuojaseloste\/","og_site_name":"Outokoulu","article_publisher":"https:\/\/www.facebook.com\/outokoulu","article_modified_time":"2024-06-24T18:21:24+00:00","og_image":[{"width":2560,"height":1547,"url":"https:\/\/outokoulu.fi\/wp-content\/uploads\/2020\/01\/20200112_120511-scaled.jpg","type":"image\/jpeg"}],"twitter_misc":{"Estimated reading time":"3 minutes"},"schema":{"@context":"https:\/\/schema.org","@graph":[{"@type":"WebPage","@id":"https:\/\/outokoulu.fi\/tietosuojaseloste\/","url":"https:\/\/outokoulu.fi\/tietosuojaseloste\/","name":"Outokoulu","isPartOf":{"@id":"https:\/\/outokoulu.fi\/#website"},"datePublished":"2022-02-17T20:51:59+00:00","dateModified":"2024-06-24T18:21:24+00:00","description":"Outokoulun rekisteri- ja tietosuojaseloste","breadcrumb":{"@id":"https:\/\/outokoulu.fi\/tietosuojaseloste\/#breadcrumb"},"inLanguage":"en-GB","potentialAction":[{"@type":"ReadAction","target":["https:\/\/outokoulu.fi\/tietosuojaseloste\/"]}]},{"@type":"BreadcrumbList","@id":"https:\/\/outokoulu.fi\/tietosuojaseloste\/#breadcrumb","itemListElement":[{"@type":"ListItem","position":1,"name":"Koti","item":"https:\/\/outokoulu.fi\/"},{"@type":"ListItem","position":2,"name":"Tietosuojaseloste"}]},{"@type":"WebSite","@id":"https:\/\/outokoulu.fi\/#website","url":"https:\/\/outokoulu.fi\/","name":"Outokoulu","description":"Driving school at Sein\u00e4joki for B-class licence","publisher":{"@id":"https:\/\/outokoulu.fi\/#organization"},"potentialAction":[{"@type":"SearchAction","target":{"@type":"EntryPoint","urlTemplate":"https:\/\/outokoulu.fi\/?s={search_term_string}"},"query-input":{"@type":"PropertyValueSpecification","valueRequired":true,"valueName":"search_term_string"}}],"inLanguage":"en-GB"},{"@type":"Organization","@id":"https:\/\/outokoulu.fi\/#organization","name":"Outokoulu","url":"https:\/\/outokoulu.fi\/","logo":{"@type":"ImageObject","inLanguage":"en-GB","@id":"https:\/\/outokoulu.fi\/#\/schema\/logo\/image\/","url":"https:\/\/outokoulu.fi\/wp-content\/uploads\/2020\/01\/logo-1-e1589646780918.png","contentUrl":"https:\/\/outokoulu.fi\/wp-content\/uploads\/2020\/01\/logo-1-e1589646780918.png","width":191,"height":30,"caption":"Outokoulu"},"image":{"@id":"https:\/\/outokoulu.fi\/#\/schema\/logo\/image\/"},"sameAs":["https:\/\/www.facebook.com\/outokoulu","https:\/\/www.instagram.com\/outokoulu"]}]}},"_links":{"self":[{"href":"https:\/\/outokoulu.fi\/en\/wp-json\/wp\/v2\/pages\/230794","targetHints":{"allow":["GET"]}}],"collection":[{"href":"https:\/\/outokoulu.fi\/en\/wp-json\/wp\/v2\/pages"}],"about":[{"href":"https:\/\/outokoulu.fi\/en\/wp-json\/wp\/v2\/types\/page"}],"author":[{"embeddable":true,"href":"https:\/\/outokoulu.fi\/en\/wp-json\/wp\/v2\/users\/1"}],"replies":[{"embeddable":true,"href":"https:\/\/outokoulu.fi\/en\/wp-json\/wp\/v2\/comments?post=230794"}],"version-history":[{"count":0,"href":"https:\/\/outokoulu.fi\/en\/wp-json\/wp\/v2\/pages\/230794\/revisions"}],"wp:attachment":[{"href":"https:\/\/outokoulu.fi\/en\/wp-json\/wp\/v2\/media?parent=230794"}],"curies":[{"name":"wp","href":"https:\/\/api.w.org\/{rel}","templated":true}]}}