{"id":229728,"date":"2020-01-19T13:42:17","date_gmt":"2020-01-19T11:42:17","guid":{"rendered":"https:\/\/www.outokoulu.fi\/?page_id=229728"},"modified":"2025-05-15T16:35:36","modified_gmt":"2025-05-15T14:35:36","slug":"ymparisto","status":"publish","type":"page","link":"https:\/\/outokoulu.fi\/en\/ymparisto\/","title":{"rendered":"Environment"},"content":{"rendered":"<p>[et_pb_section fb_built=&#8221;1&#8243; fullwidth=&#8221;on&#8221; admin_label=&#8221;Hero Section&#8221; _builder_version=&#8221;4.16&#8243; global_colors_info=&#8221;{}&#8221;][et_pb_fullwidth_header subhead=&#8221;Ekologisuus&#8221; text_orientation=&#8221;right&#8221; background_overlay_color=&#8221;rgba(0,0,0,0)&#8221; image_orientation=&#8221;bottom&#8221; content_max_width=&#8221;550px&#8221; _builder_version=&#8221;4.18.0&#8243; title_font=&#8221;Poppins|700||on|||||&#8221; title_text_color=&#8221;#edbb5f&#8221; title_font_size=&#8221;14px&#8221; title_letter_spacing=&#8221;2px&#8221; title_line_height=&#8221;1.8em&#8221; content_font=&#8221;Poppins||||||||&#8221; content_font_size=&#8221;16px&#8221; content_letter_spacing=&#8221;1px&#8221; content_line_height=&#8221;2em&#8221; subhead_font=&#8221;Playfair Display|700||on|||||&#8221; subhead_font_size=&#8221;48px&#8221; subhead_line_height=&#8221;1.4em&#8221; background_color=&#8221;rgba(255, 255, 255, 0)&#8221; background_image=&#8221;https:\/\/www.outokoulu.fi\/wp-content\/uploads\/2020\/01\/20200112_153541-scaled-e1579113762450.jpg&#8221; parallax=&#8221;on&#8221; custom_button_one=&#8221;on&#8221; button_one_border_width=&#8221;1px&#8221; button_one_border_color=&#8221;rgba(255,255,255,0.3)&#8221; button_one_border_radius=&#8221;0px&#8221; button_one_letter_spacing=&#8221;1px&#8221; button_one_font=&#8221;Saira Extra Condensed|600||on|||||&#8221; button_one_icon=&#8221;&#x24;||divi||400&#8243; button_one_icon_color=&#8221;#edbb5f&#8221; custom_button_two=&#8221;on&#8221; button_two_border_width=&#8221;1px&#8221; button_two_border_color=&#8221;rgba(255,255,255,0.3)&#8221; button_two_border_radius=&#8221;0px&#8221; button_two_letter_spacing=&#8221;1px&#8221; button_two_font=&#8221;Saira Extra Condensed|600||on|||||&#8221; button_two_icon=&#8221;&#x24;||divi||400&#8243; button_two_icon_color=&#8221;#edbb5f&#8221; module_alignment=&#8221;right&#8221; custom_margin=&#8221;|||&#8221; custom_padding=&#8221;8%||||false|false&#8221; subhead_font_size_tablet=&#8221;&#8221; subhead_font_size_phone=&#8221;42px&#8221; subhead_font_size_last_edited=&#8221;on|phone&#8221; custom_css_main_element=&#8221;min-height: 100vh;||display: flex;||flex-direction: column;&#8221; button_one_text_color_hover=&#8221;#edbb5f&#8221; button_two_text_color_hover=&#8221;#edbb5f&#8221; button_one_bg_color_hover=&#8221;rgba(0,0,0,0)&#8221; button_two_bg_color_hover=&#8221;rgba(0,0,0,0)&#8221; global_colors_info=&#8221;{}&#8221; button_one_text_size__hover_enabled=&#8221;off&#8221; button_two_text_size__hover_enabled=&#8221;off&#8221; button_one_text_color__hover_enabled=&#8221;on&#8221; button_one_text_color__hover=&#8221;#edbb5f&#8221; button_two_text_color__hover_enabled=&#8221;on&#8221; button_two_text_color__hover=&#8221;#edbb5f&#8221; button_one_border_width__hover_enabled=&#8221;off&#8221; button_two_border_width__hover_enabled=&#8221;off&#8221; button_one_border_color__hover_enabled=&#8221;off&#8221; button_two_border_color__hover_enabled=&#8221;off&#8221; button_one_border_radius__hover_enabled=&#8221;off&#8221; button_two_border_radius__hover_enabled=&#8221;off&#8221; button_one_letter_spacing__hover_enabled=&#8221;off&#8221; button_two_letter_spacing__hover_enabled=&#8221;off&#8221; button_one_bg_color__hover_enabled=&#8221;on&#8221; button_one_bg_color__hover=&#8221;rgba(0,0,0,0)&#8221; button_two_bg_color__hover_enabled=&#8221;on&#8221; button_two_bg_color__hover=&#8221;rgba(0,0,0,0)&#8221;]<\/p>\n<p>Jos ajat &#8211; aja taloudellisesti<\/p>\n<p>[\/et_pb_fullwidth_header][\/et_pb_section][et_pb_section fb_built=&#8221;1&#8243; admin_label=&#8221;Feature &#8211; Image Left&#8221; _builder_version=&#8221;4.16&#8243; custom_margin=&#8221;|||&#8221; custom_padding=&#8221;100px|0px|150px|0px|false|false&#8221; global_colors_info=&#8221;{}&#8221;][et_pb_row column_structure=&#8221;1_2,1_2&#8243; _builder_version=&#8221;4.16&#8243; width=&#8221;90%&#8221; module_alignment=&#8221;left&#8221; global_colors_info=&#8221;{}&#8221;][et_pb_column type=&#8221;1_2&#8243; _builder_version=&#8221;4.16&#8243; custom_padding=&#8221;|||&#8221; global_colors_info=&#8221;{}&#8221; custom_padding__hover=&#8221;|||&#8221;][et_pb_image src=&#8221;https:\/\/outokoulu.fi\/wp-content\/uploads\/2020\/02\/Kaasua_tankkaamassa-scaled-e1582479522808.jpg&#8221; force_fullwidth=&#8221;on&#8221; align_tablet=&#8221;center&#8221; align_phone=&#8221;center&#8221; align_last_edited=&#8221;on|phone&#8221; _builder_version=&#8221;4.16&#8243; custom_margin=&#8221;|6%||6%|false|false&#8221; custom_padding=&#8221;120px||||false|false&#8221; box_shadow_style=&#8221;preset1&#8243; global_colors_info=&#8221;{}&#8221;][\/et_pb_image][\/et_pb_column][et_pb_column type=&#8221;1_2&#8243; _builder_version=&#8221;4.16&#8243; custom_padding=&#8221;|||6%|false|false&#8221; global_colors_info=&#8221;{}&#8221; custom_padding__hover=&#8221;|||&#8221;][et_pb_text _builder_version=&#8221;4.16&#8243; text_font=&#8221;||||||||&#8221; header_font=&#8221;||||||||&#8221; header_2_font=&#8221;Playfair Display|700|||||||&#8221; header_2_font_size=&#8221;38px&#8221; header_2_letter_spacing=&#8221;1px&#8221; header_2_line_height=&#8221;1.4em&#8221; header_3_font=&#8221;Poppins|700||on|||||&#8221; header_3_text_color=&#8221;#edbb5f&#8221; header_3_font_size=&#8221;14px&#8221; header_3_letter_spacing=&#8221;1px&#8221; header_3_line_height=&#8221;2em&#8221; global_colors_info=&#8221;{}&#8221;]<\/p>\n<h3><span style=\"color: #333333; font-family: 'Playfair Display', Georgia, 'Times New Roman', serif; font-size: 38px;\">Kaasuhybridi &amp; S\u00c4HK\u00d6AUTO<\/span><\/h3>\n<p>[\/et_pb_text][et_pb_divider color=&#8221;#edbb5f&#8221; divider_weight=&#8221;2px&#8221; _builder_version=&#8221;4.16&#8243; max_width=&#8221;60px&#8221; module_alignment=&#8221;left&#8221; height=&#8221;2px&#8221; global_colors_info=&#8221;{}&#8221;][\/et_pb_divider][et_pb_text _builder_version=&#8221;4.16&#8243; text_font=&#8221;Poppins||||||||&#8221; text_font_size=&#8221;16px&#8221; text_letter_spacing=&#8221;1px&#8221; text_line_height=&#8221;2em&#8221; global_colors_info=&#8221;{}&#8221;]<\/p>\n<p>Opetusautoja on kaksi: manuaalivaihteinen Skoda Kamiq kaasuhybridi sek\u00e4 automaattivaihteinen Peugeot 208e s\u00e4hk\u00f6auto.<\/p>\n<p>Kaasuauto on ymp\u00e4rist\u00f6yst\u00e4v\u00e4llisempi vaihtoehto kuin bensiini- tai dieselauto. <span>Biokaasun p\u00e4\u00e4st\u00f6t ovat jopa 85 % bensiinin p\u00e4\u00e4st\u00f6j\u00e4 pienemm\u00e4t<\/span><span>.<\/span><\/p>\n<p><span><\/span><\/p>\n<p>[\/et_pb_text][\/et_pb_column][\/et_pb_row][\/et_pb_section][et_pb_section fb_built=&#8221;1&#8243; admin_label=&#8221;Feature &#8211; Image Right&#8221; _builder_version=&#8221;4.16&#8243; custom_margin=&#8221;|||&#8221; custom_padding=&#8221;0px|0px|0px|0px|false|false&#8221; global_colors_info=&#8221;{}&#8221;][et_pb_row column_structure=&#8221;3_5,2_5&#8243; _builder_version=&#8221;4.16&#8243; width=&#8221;90%&#8221; max_width=&#8221;90%&#8221; module_alignment=&#8221;left&#8221; min_height=&#8221;100px&#8221; custom_margin=&#8221;|||&#8221; custom_padding=&#8221;||5px||false|false&#8221; use_custom_width=&#8221;on&#8221; width_unit=&#8221;off&#8221; custom_width_percent=&#8221;90%&#8221; global_colors_info=&#8221;{}&#8221;][et_pb_column type=&#8221;3_5&#8243; _builder_version=&#8221;4.16&#8243; custom_padding=&#8221;||0px|0%|false|false&#8221; global_colors_info=&#8221;{}&#8221; custom_padding__hover=&#8221;|||&#8221;][\/et_pb_column][et_pb_column type=&#8221;2_5&#8243; _builder_version=&#8221;4.16&#8243; global_colors_info=&#8221;{}&#8221;][et_pb_image src=&#8221;https:\/\/www.outokoulu.fi\/wp-content\/uploads\/2020\/01\/20200118_141030-scaled-e1579373667911.jpg&#8221; show_bottom_space=&#8221;off&#8221; align_tablet=&#8221;center&#8221; align_phone=&#8221;&#8221; align_last_edited=&#8221;on|phone&#8221; _builder_version=&#8221;4.16&#8243; width=&#8221;75%&#8221; min_height=&#8221;100px&#8221; min_height_tablet=&#8221;100px&#8221; min_height_phone=&#8221;100px&#8221; min_height_last_edited=&#8221;on|phone&#8221; custom_margin=&#8221;0px|6px|0px|6%|false|false&#8221; custom_padding=&#8221;0px||0px|0px|false|false&#8221; box_shadow_style=&#8221;preset1&#8243; global_colors_info=&#8221;{}&#8221;][\/et_pb_image][\/et_pb_column][\/et_pb_row][et_pb_row column_structure=&#8221;3_5,2_5&#8243; _builder_version=&#8221;4.16&#8243; width=&#8221;90%&#8221; max_width=&#8221;90%&#8221; module_alignment=&#8221;left&#8221; min_height=&#8221;0px&#8221; custom_margin=&#8221;|||&#8221; custom_padding=&#8221;||0px|||&#8221; use_custom_width=&#8221;on&#8221; width_unit=&#8221;off&#8221; custom_width_percent=&#8221;90%&#8221; global_colors_info=&#8221;{}&#8221;][et_pb_column type=&#8221;3_5&#8243; _builder_version=&#8221;4.16&#8243; custom_padding=&#8221;||0px|6%|false|false&#8221; global_colors_info=&#8221;{}&#8221; custom_padding__hover=&#8221;|||&#8221;][et_pb_text _builder_version=&#8221;4.16&#8243; text_font=&#8221;||||||||&#8221; header_font=&#8221;||||||||&#8221; header_2_font=&#8221;Playfair Display|700|||||||&#8221; header_2_font_size=&#8221;38px&#8221; header_2_letter_spacing=&#8221;1px&#8221; header_2_line_height=&#8221;1.4em&#8221; header_3_font=&#8221;Poppins|700||on|||||&#8221; header_3_text_color=&#8221;#edbb5f&#8221; header_3_font_size=&#8221;14px&#8221; header_3_letter_spacing=&#8221;1px&#8221; header_3_line_height=&#8221;2em&#8221; max_width=&#8221;550px&#8221; custom_margin=&#8221;-600px||||false|false&#8221; custom_margin_tablet=&#8221;1px||||false|false&#8221; custom_margin_phone=&#8221;9px||||false|false&#8221; custom_margin_last_edited=&#8221;on|phone&#8221; custom_padding=&#8221;0px||||false|false&#8221; global_colors_info=&#8221;{}&#8221;]<\/p>\n<h3><span style=\"color: #333333; font-family: 'Playfair Display', Georgia, 'Times New Roman', serif; font-size: 38px;\">Ei toimitilaa<\/span><\/h3>\n<p>[\/et_pb_text][et_pb_divider color=&#8221;#edbb5f&#8221; divider_weight=&#8221;2px&#8221; _builder_version=&#8221;4.16&#8243; max_width=&#8221;60px&#8221; module_alignment=&#8221;left&#8221; height=&#8221;2px&#8221; global_colors_info=&#8221;{}&#8221;][\/et_pb_divider][et_pb_text _builder_version=&#8221;4.16&#8243; text_font=&#8221;Poppins||||||||&#8221; text_font_size=&#8221;16px&#8221; text_letter_spacing=&#8221;1px&#8221; text_line_height=&#8221;2em&#8221; max_width=&#8221;550px&#8221; custom_margin=&#8221;|68px||||&#8221; global_colors_info=&#8221;{}&#8221;]<\/p>\n<p>Outokoululla ei ole toimitilaa. N\u00e4in s\u00e4\u00e4styy valaistus- ja l\u00e4mmitysenergiaa. Tavoitteena on olla p\u00e4\u00e4asiassa autossa opettamassa. Toimitilaa ei tarvita teoriatuntien pit\u00e4miseen, koska EAS- ja riskiteoriatunnit ovat nettitunteja. Opetan vain henkil\u00f6autolla, joten tarvitsen tilan pelk\u00e4st\u00e4\u00e4n auton s\u00e4ilytykseen. Yrityksen paperiasiat hoidan kotona.<\/p>\n<p>&nbsp;<\/p>\n<p>[\/et_pb_text][\/et_pb_column][et_pb_column type=&#8221;2_5&#8243; _builder_version=&#8221;4.16&#8243; global_colors_info=&#8221;{}&#8221;][\/et_pb_column][\/et_pb_row][\/et_pb_section][et_pb_section fb_built=&#8221;1&#8243; admin_label=&#8221;Feature &#8211; Image Left&#8221; _builder_version=&#8221;4.16&#8243; custom_margin=&#8221;|||&#8221; custom_padding=&#8221;100px|0px|100px|0px|false|false&#8221; global_colors_info=&#8221;{}&#8221;][et_pb_row column_structure=&#8221;1_2,1_2&#8243; _builder_version=&#8221;4.16&#8243; width=&#8221;90%&#8221; module_alignment=&#8221;left&#8221; global_colors_info=&#8221;{}&#8221;][et_pb_column type=&#8221;1_2&#8243; _builder_version=&#8221;4.16&#8243; custom_padding=&#8221;|||&#8221; global_colors_info=&#8221;{}&#8221; custom_padding__hover=&#8221;|||&#8221;][et_pb_image src=&#8221;https:\/\/www.outokoulu.fi\/wp-content\/uploads\/2020\/01\/20200106_133400-scaled-e1579113688249.jpg&#8221; force_fullwidth=&#8221;on&#8221; align_tablet=&#8221;center&#8221; align_phone=&#8221;&#8221; align_last_edited=&#8221;on|phone&#8221; _builder_version=&#8221;4.16&#8243; custom_margin=&#8221;0px|6%||6%|false|false&#8221; custom_padding=&#8221;30px|||0px|false|false&#8221; box_shadow_style=&#8221;preset1&#8243; global_colors_info=&#8221;{}&#8221;][\/et_pb_image][\/et_pb_column][et_pb_column type=&#8221;1_2&#8243; _builder_version=&#8221;4.16&#8243; custom_padding=&#8221;|||6%|false|false&#8221; global_colors_info=&#8221;{}&#8221; custom_padding__hover=&#8221;|||&#8221;][et_pb_text _builder_version=&#8221;4.16&#8243; text_font=&#8221;||||||||&#8221; header_font=&#8221;||||||||&#8221; header_2_font=&#8221;Playfair Display|700|||||||&#8221; header_2_font_size=&#8221;38px&#8221; header_2_letter_spacing=&#8221;1px&#8221; header_2_line_height=&#8221;1.4em&#8221; header_3_font=&#8221;Poppins|700||on|||||&#8221; header_3_text_color=&#8221;#edbb5f&#8221; header_3_font_size=&#8221;14px&#8221; header_3_letter_spacing=&#8221;1px&#8221; header_3_line_height=&#8221;2em&#8221; header_font_size_tablet=&#8221;&#8221; header_font_size_phone=&#8221;20px&#8221; header_font_size_last_edited=&#8221;on|phone&#8221; global_colors_info=&#8221;{}&#8221;]<\/p>\n<h3><span style=\"color: #333333; font-family: 'Playfair Display', Georgia, 'Times New Roman', serif; font-size: 38px;\">ekologinen ajo<\/span><\/h3>\n<p>[\/et_pb_text][et_pb_divider color=&#8221;#edbb5f&#8221; divider_weight=&#8221;2px&#8221; _builder_version=&#8221;4.16&#8243; max_width=&#8221;60px&#8221; module_alignment=&#8221;left&#8221; height=&#8221;2px&#8221; global_colors_info=&#8221;{}&#8221;][\/et_pb_divider][et_pb_text _builder_version=&#8221;4.16&#8243; text_font=&#8221;Poppins||||||||&#8221; text_font_size=&#8221;16px&#8221; text_letter_spacing=&#8221;1px&#8221; text_line_height=&#8221;2em&#8221; max_width=&#8221;550px&#8221; global_colors_info=&#8221;{}&#8221;]<\/p>\n<p>Ajotavalla voi vaikuttaa polttoaineen kulutukseen 5 &#8211; 15 %. Samalla my\u00f6s hiilidioksidip\u00e4\u00e4st\u00f6t pienenev\u00e4t. Taloudellinen ajotapa lis\u00e4\u00e4 turvallisuutta ja matkustusmukavuutta. Ajoaika ei v\u00e4ltt\u00e4m\u00e4tt\u00e4 pitene ollenkaan. My\u00f6s auton huoltotarve v\u00e4henee.\u00a0<\/p>\n<p>Outokoulun opetuksessa taloudellinen ajotapa otetaan aina huomioon. My\u00f6s muut voivat ostaa taloudellisen ajon koulutusta.<\/p>\n<p>[\/et_pb_text][\/et_pb_column][\/et_pb_row][\/et_pb_section]<\/p>\n","protected":false},"excerpt":{"rendered":"<p>Jos ajat &#8211; aja taloudellisestiKaasuhybridi &amp; S\u00c4HK\u00d6AUTOOpetusautoja on kaksi: manuaalivaihteinen Skoda Kamiq kaasuhybridi sek\u00e4 automaattivaihteinen Peugeot 208e s\u00e4hk\u00f6auto. Kaasuauto on ymp\u00e4rist\u00f6yst\u00e4v\u00e4llisempi vaihtoehto kuin bensiini- tai dieselauto. Biokaasun p\u00e4\u00e4st\u00f6t ovat jopa 85 % bensiinin p\u00e4\u00e4st\u00f6j\u00e4 pienemm\u00e4t. Ei toimitilaaOutokoululla ei ole toimitilaa. N\u00e4in s\u00e4\u00e4styy valaistus- ja l\u00e4mmitysenergiaa. Tavoitteena on olla p\u00e4\u00e4asiassa autossa opettamassa. Toimitilaa ei tarvita teoriatuntien [&hellip;]<\/p>\n","protected":false},"author":1,"featured_media":229747,"parent":0,"menu_order":8,"comment_status":"closed","ping_status":"closed","template":"","meta":{"_et_pb_use_builder":"on","_et_pb_old_content":"","_et_gb_content_width":"","footnotes":""},"class_list":["post-229728","page","type-page","status-publish","has-post-thumbnail","hentry"],"yoast_head":"<!-- This site is optimized with the Yoast SEO plugin v27.4 - https:\/\/yoast.com\/product\/yoast-seo-wordpress\/ -->\n<title>Ymp\u00e4rist\u00f6n huomioiminen autokoulussa<\/title>\n<meta name=\"description\" content=\"Outokoulu huomioi ymp\u00e4rist\u00f6n opettamalla taloudellista ajotapaa. Opetusautona on ekologinen kaasuhybridi.\" \/>\n<meta name=\"robots\" content=\"index, follow, max-snippet:-1, max-image-preview:large, max-video-preview:-1\" \/>\n<link rel=\"canonical\" href=\"https:\/\/outokoulu.fi\/en\/ymparisto\/\" \/>\n<meta property=\"og:locale\" content=\"en_GB\" \/>\n<meta property=\"og:type\" content=\"article\" \/>\n<meta property=\"og:title\" content=\"Ymp\u00e4rist\u00f6n huomioiminen autokoulussa\" \/>\n<meta property=\"og:description\" content=\"Outokoulu huomioi ymp\u00e4rist\u00f6n opettamalla taloudellista ajotapaa. Opetusautona on ekologinen kaasuhybridi.\" \/>\n<meta property=\"og:url\" content=\"https:\/\/outokoulu.fi\/en\/ymparisto\/\" \/>\n<meta property=\"og:site_name\" content=\"Outokoulu\" \/>\n<meta property=\"article:publisher\" content=\"https:\/\/www.facebook.com\/outokoulu\" \/>\n<meta property=\"article:modified_time\" content=\"2025-05-15T14:35:36+00:00\" \/>\n<meta property=\"og:image\" content=\"https:\/\/outokoulu.fi\/wp-content\/uploads\/2020\/01\/20191228_164947-1-scaled.jpg\" \/>\n\t<meta property=\"og:image:width\" content=\"2560\" \/>\n\t<meta property=\"og:image:height\" content=\"1920\" \/>\n\t<meta property=\"og:image:type\" content=\"image\/jpeg\" \/>\n<meta name=\"twitter:label1\" content=\"Estimated reading time\" \/>\n\t<meta name=\"twitter:data1\" content=\"7 minutes\" \/>\n<script type=\"application\/ld+json\" class=\"yoast-schema-graph\">{\"@context\":\"https:\\\/\\\/schema.org\",\"@graph\":[{\"@type\":\"WebPage\",\"@id\":\"https:\\\/\\\/outokoulu.fi\\\/ymparisto\\\/\",\"url\":\"https:\\\/\\\/outokoulu.fi\\\/ymparisto\\\/\",\"name\":\"Ymp\u00e4rist\u00f6n huomioiminen autokoulussa\",\"isPartOf\":{\"@id\":\"https:\\\/\\\/outokoulu.fi\\\/#website\"},\"primaryImageOfPage\":{\"@id\":\"https:\\\/\\\/outokoulu.fi\\\/ymparisto\\\/#primaryimage\"},\"image\":{\"@id\":\"https:\\\/\\\/outokoulu.fi\\\/ymparisto\\\/#primaryimage\"},\"thumbnailUrl\":\"https:\\\/\\\/outokoulu.fi\\\/wp-content\\\/uploads\\\/2020\\\/01\\\/20191228_164947-1-scaled.jpg\",\"datePublished\":\"2020-01-19T11:42:17+00:00\",\"dateModified\":\"2025-05-15T14:35:36+00:00\",\"description\":\"Outokoulu huomioi ymp\u00e4rist\u00f6n opettamalla taloudellista ajotapaa. Opetusautona on ekologinen kaasuhybridi.\",\"breadcrumb\":{\"@id\":\"https:\\\/\\\/outokoulu.fi\\\/ymparisto\\\/#breadcrumb\"},\"inLanguage\":\"en-GB\",\"potentialAction\":[{\"@type\":\"ReadAction\",\"target\":[\"https:\\\/\\\/outokoulu.fi\\\/ymparisto\\\/\"]}]},{\"@type\":\"ImageObject\",\"inLanguage\":\"en-GB\",\"@id\":\"https:\\\/\\\/outokoulu.fi\\\/ymparisto\\\/#primaryimage\",\"url\":\"https:\\\/\\\/outokoulu.fi\\\/wp-content\\\/uploads\\\/2020\\\/01\\\/20191228_164947-1-scaled.jpg\",\"contentUrl\":\"https:\\\/\\\/outokoulu.fi\\\/wp-content\\\/uploads\\\/2020\\\/01\\\/20191228_164947-1-scaled.jpg\",\"width\":2560,\"height\":1920,\"caption\":\"Kaasua m\u00e4 tankkailen\"},{\"@type\":\"BreadcrumbList\",\"@id\":\"https:\\\/\\\/outokoulu.fi\\\/ymparisto\\\/#breadcrumb\",\"itemListElement\":[{\"@type\":\"ListItem\",\"position\":1,\"name\":\"Koti\",\"item\":\"https:\\\/\\\/outokoulu.fi\\\/\"},{\"@type\":\"ListItem\",\"position\":2,\"name\":\"Ymp\u00e4rist\u00f6\"}]},{\"@type\":\"WebSite\",\"@id\":\"https:\\\/\\\/outokoulu.fi\\\/#website\",\"url\":\"https:\\\/\\\/outokoulu.fi\\\/\",\"name\":\"Outokoulu\",\"description\":\"Autokoulu Sein&auml;joella ajo-opetusta B-korttia varten\",\"publisher\":{\"@id\":\"https:\\\/\\\/outokoulu.fi\\\/#organization\"},\"potentialAction\":[{\"@type\":\"SearchAction\",\"target\":{\"@type\":\"EntryPoint\",\"urlTemplate\":\"https:\\\/\\\/outokoulu.fi\\\/?s={search_term_string}\"},\"query-input\":{\"@type\":\"PropertyValueSpecification\",\"valueRequired\":true,\"valueName\":\"search_term_string\"}}],\"inLanguage\":\"en-GB\"},{\"@type\":\"Organization\",\"@id\":\"https:\\\/\\\/outokoulu.fi\\\/#organization\",\"name\":\"Outokoulu\",\"url\":\"https:\\\/\\\/outokoulu.fi\\\/\",\"logo\":{\"@type\":\"ImageObject\",\"inLanguage\":\"en-GB\",\"@id\":\"https:\\\/\\\/outokoulu.fi\\\/#\\\/schema\\\/logo\\\/image\\\/\",\"url\":\"https:\\\/\\\/outokoulu.fi\\\/wp-content\\\/uploads\\\/2020\\\/01\\\/logo-1-e1589646780918.png\",\"contentUrl\":\"https:\\\/\\\/outokoulu.fi\\\/wp-content\\\/uploads\\\/2020\\\/01\\\/logo-1-e1589646780918.png\",\"width\":191,\"height\":30,\"caption\":\"Outokoulu\"},\"image\":{\"@id\":\"https:\\\/\\\/outokoulu.fi\\\/#\\\/schema\\\/logo\\\/image\\\/\"},\"sameAs\":[\"https:\\\/\\\/www.facebook.com\\\/outokoulu\",\"https:\\\/\\\/www.instagram.com\\\/outokoulu\"]}]}<\/script>\n<!-- \/ Yoast SEO plugin. -->","yoast_head_json":{"title":"Consideration of the environment in the driving school","description":"Outokoulu minimizes carbon footprint by teaching  economical driving and by using gas hybrid car.","robots":{"index":"index","follow":"follow","max-snippet":"max-snippet:-1","max-image-preview":"max-image-preview:large","max-video-preview":"max-video-preview:-1"},"canonical":"https:\/\/outokoulu.fi\/en\/ymparisto\/","og_locale":"en_GB","og_type":"article","og_title":"Ymp\u00e4rist\u00f6n huomioiminen autokoulussa","og_description":"Outokoulu huomioi ymp\u00e4rist\u00f6n opettamalla taloudellista ajotapaa. Opetusautona on ekologinen kaasuhybridi.","og_url":"https:\/\/outokoulu.fi\/en\/ymparisto\/","og_site_name":"Outokoulu","article_publisher":"https:\/\/www.facebook.com\/outokoulu","article_modified_time":"2025-05-15T14:35:36+00:00","og_image":[{"width":2560,"height":1920,"url":"https:\/\/outokoulu.fi\/wp-content\/uploads\/2020\/01\/20191228_164947-1-scaled.jpg","type":"image\/jpeg"}],"twitter_misc":{"Estimated reading time":"7 minutes"},"schema":{"@context":"https:\/\/schema.org","@graph":[{"@type":"WebPage","@id":"https:\/\/outokoulu.fi\/ymparisto\/","url":"https:\/\/outokoulu.fi\/ymparisto\/","name":"Consideration of the environment in the driving school","isPartOf":{"@id":"https:\/\/outokoulu.fi\/#website"},"primaryImageOfPage":{"@id":"https:\/\/outokoulu.fi\/ymparisto\/#primaryimage"},"image":{"@id":"https:\/\/outokoulu.fi\/ymparisto\/#primaryimage"},"thumbnailUrl":"https:\/\/outokoulu.fi\/wp-content\/uploads\/2020\/01\/20191228_164947-1-scaled.jpg","datePublished":"2020-01-19T11:42:17+00:00","dateModified":"2025-05-15T14:35:36+00:00","description":"Outokoulu minimizes carbon footprint by teaching  economical driving and by using gas hybrid car.","breadcrumb":{"@id":"https:\/\/outokoulu.fi\/ymparisto\/#breadcrumb"},"inLanguage":"en-GB","potentialAction":[{"@type":"ReadAction","target":["https:\/\/outokoulu.fi\/ymparisto\/"]}]},{"@type":"ImageObject","inLanguage":"en-GB","@id":"https:\/\/outokoulu.fi\/ymparisto\/#primaryimage","url":"https:\/\/outokoulu.fi\/wp-content\/uploads\/2020\/01\/20191228_164947-1-scaled.jpg","contentUrl":"https:\/\/outokoulu.fi\/wp-content\/uploads\/2020\/01\/20191228_164947-1-scaled.jpg","width":2560,"height":1920,"caption":"Kaasua m\u00e4 tankkailen"},{"@type":"BreadcrumbList","@id":"https:\/\/outokoulu.fi\/ymparisto\/#breadcrumb","itemListElement":[{"@type":"ListItem","position":1,"name":"Koti","item":"https:\/\/outokoulu.fi\/"},{"@type":"ListItem","position":2,"name":"Ymp\u00e4rist\u00f6"}]},{"@type":"WebSite","@id":"https:\/\/outokoulu.fi\/#website","url":"https:\/\/outokoulu.fi\/","name":"Outokoulu","description":"Driving school at Sein\u00e4joki for B-class licence","publisher":{"@id":"https:\/\/outokoulu.fi\/#organization"},"potentialAction":[{"@type":"SearchAction","target":{"@type":"EntryPoint","urlTemplate":"https:\/\/outokoulu.fi\/?s={search_term_string}"},"query-input":{"@type":"PropertyValueSpecification","valueRequired":true,"valueName":"search_term_string"}}],"inLanguage":"en-GB"},{"@type":"Organization","@id":"https:\/\/outokoulu.fi\/#organization","name":"Outokoulu","url":"https:\/\/outokoulu.fi\/","logo":{"@type":"ImageObject","inLanguage":"en-GB","@id":"https:\/\/outokoulu.fi\/#\/schema\/logo\/image\/","url":"https:\/\/outokoulu.fi\/wp-content\/uploads\/2020\/01\/logo-1-e1589646780918.png","contentUrl":"https:\/\/outokoulu.fi\/wp-content\/uploads\/2020\/01\/logo-1-e1589646780918.png","width":191,"height":30,"caption":"Outokoulu"},"image":{"@id":"https:\/\/outokoulu.fi\/#\/schema\/logo\/image\/"},"sameAs":["https:\/\/www.facebook.com\/outokoulu","https:\/\/www.instagram.com\/outokoulu"]}]}},"_links":{"self":[{"href":"https:\/\/outokoulu.fi\/en\/wp-json\/wp\/v2\/pages\/229728","targetHints":{"allow":["GET"]}}],"collection":[{"href":"https:\/\/outokoulu.fi\/en\/wp-json\/wp\/v2\/pages"}],"about":[{"href":"https:\/\/outokoulu.fi\/en\/wp-json\/wp\/v2\/types\/page"}],"author":[{"embeddable":true,"href":"https:\/\/outokoulu.fi\/en\/wp-json\/wp\/v2\/users\/1"}],"replies":[{"embeddable":true,"href":"https:\/\/outokoulu.fi\/en\/wp-json\/wp\/v2\/comments?post=229728"}],"version-history":[{"count":0,"href":"https:\/\/outokoulu.fi\/en\/wp-json\/wp\/v2\/pages\/229728\/revisions"}],"wp:featuredmedia":[{"embeddable":true,"href":"https:\/\/outokoulu.fi\/en\/wp-json\/wp\/v2\/media\/229747"}],"wp:attachment":[{"href":"https:\/\/outokoulu.fi\/en\/wp-json\/wp\/v2\/media?parent=229728"}],"curies":[{"name":"wp","href":"https:\/\/api.w.org\/{rel}","templated":true}]}}