{"id":229717,"date":"2020-01-19T21:49:58","date_gmt":"2020-01-19T19:49:58","guid":{"rendered":"https:\/\/www.outokoulu.fi\/?page_id=229717"},"modified":"2024-01-01T18:59:09","modified_gmt":"2024-01-01T16:59:09","slug":"koulu","status":"publish","type":"page","link":"https:\/\/outokoulu.fi\/en\/koulu\/","title":{"rendered":"School"},"content":{"rendered":"<p>[et_pb_section fb_built=&#8221;1&#8243; fullwidth=&#8221;on&#8221; admin_label=&#8221;Hero Section&#8221; _builder_version=&#8221;4.16&#8243; global_colors_info=&#8221;{}&#8221;][et_pb_fullwidth_header subhead=&#8221;outokoulu&#8221; background_overlay_color=&#8221;rgba(0,0,0,0.11)&#8221; _builder_version=&#8221;4.18.0&#8243; title_font=&#8221;Poppins|700||on|||||&#8221; title_text_color=&#8221;#edbb5f&#8221; title_font_size=&#8221;14px&#8221; title_letter_spacing=&#8221;2px&#8221; title_line_height=&#8221;1.4em&#8221; content_font=&#8221;Poppins||||||||&#8221; content_font_size=&#8221;16px&#8221; content_letter_spacing=&#8221;1px&#8221; content_line_height=&#8221;2em&#8221; subhead_font=&#8221;Playfair Display|700||on|||||&#8221; subhead_font_size=&#8221;48px&#8221; subhead_letter_spacing=&#8221;3px&#8221; subhead_line_height=&#8221;1.4em&#8221; background_color=&#8221;rgba(255, 255, 255, 0)&#8221; background_image=&#8221;https:\/\/outokoulu.fi\/wp-content\/uploads\/2020\/01\/20200112_120310-scaled-e1581186233689.jpg&#8221; parallax=&#8221;on&#8221; custom_button_one=&#8221;on&#8221; button_one_border_width=&#8221;1px&#8221; button_one_border_color=&#8221;rgba(255,255,255,0.3)&#8221; button_one_border_radius=&#8221;0px&#8221; button_one_letter_spacing=&#8221;1px&#8221; button_one_font=&#8221;Saira Extra Condensed|600||on|||||&#8221; button_one_icon=&#8221;&#x24;||divi||400&#8243; button_one_icon_color=&#8221;#edbb5f&#8221; custom_button_two=&#8221;on&#8221; button_two_border_width=&#8221;1px&#8221; button_two_border_color=&#8221;rgba(255,255,255,0.3)&#8221; button_two_border_radius=&#8221;0px&#8221; button_two_letter_spacing=&#8221;1px&#8221; button_two_font=&#8221;Saira Extra Condensed|600||on|||||&#8221; button_two_icon=&#8221;&#x24;||divi||400&#8243; button_two_icon_color=&#8221;#edbb5f&#8221; module_alignment=&#8221;left&#8221; custom_margin=&#8221;|||&#8221; custom_padding=&#8221;8%||||false|false&#8221; subhead_font_size_tablet=&#8221;&#8221; subhead_font_size_phone=&#8221;42px&#8221; subhead_font_size_last_edited=&#8221;on|phone&#8221; custom_css_main_element=&#8221;min-height: 100vh;||display: flex;||flex-direction: column;&#8221; button_one_text_color_hover=&#8221;#edbb5f&#8221; button_two_text_color_hover=&#8221;#edbb5f&#8221; button_one_bg_color_hover=&#8221;rgba(0,0,0,0)&#8221; button_two_bg_color_hover=&#8221;rgba(0,0,0,0)&#8221; global_colors_info=&#8221;{}&#8221; button_one_text_size__hover_enabled=&#8221;off&#8221; button_two_text_size__hover_enabled=&#8221;off&#8221; button_one_text_color__hover_enabled=&#8221;on&#8221; button_one_text_color__hover=&#8221;#edbb5f&#8221; button_two_text_color__hover_enabled=&#8221;on&#8221; button_two_text_color__hover=&#8221;#edbb5f&#8221; button_one_border_width__hover_enabled=&#8221;off&#8221; button_two_border_width__hover_enabled=&#8221;off&#8221; button_one_border_color__hover_enabled=&#8221;off&#8221; button_two_border_color__hover_enabled=&#8221;off&#8221; button_one_border_radius__hover_enabled=&#8221;off&#8221; button_two_border_radius__hover_enabled=&#8221;off&#8221; button_one_letter_spacing__hover_enabled=&#8221;off&#8221; button_two_letter_spacing__hover_enabled=&#8221;off&#8221; button_one_bg_color__hover_enabled=&#8221;on&#8221; button_one_bg_color__hover=&#8221;rgba(0,0,0,0)&#8221; button_two_bg_color__hover_enabled=&#8221;on&#8221; button_two_bg_color__hover=&#8221;rgba(0,0,0,0)&#8221; background__hover_enabled=&#8221;off|hover&#8221;]<\/p>\n<p><span style=\"font-size: 16px;\">Outo autokoulu ja opettajakin<\/span><\/p>\n<p><span style=\"font-size: 16px;\"><\/span><\/p>\n<p><span style=\"font-size: 16px;\"><\/span><\/p>\n<p><span style=\"font-size: 16px;\"><\/span><\/p>\n<p><span style=\"font-size: 16px;\"><\/span><\/p>\n<p>[\/et_pb_fullwidth_header][\/et_pb_section][et_pb_section fb_built=&#8221;1&#8243; admin_label=&#8221;Statistics&#8221; _builder_version=&#8221;4.16&#8243; global_colors_info=&#8221;{}&#8221;][et_pb_row column_structure=&#8221;3_5,2_5&#8243; _builder_version=&#8221;4.16&#8243; global_colors_info=&#8221;{}&#8221;][et_pb_column type=&#8221;3_5&#8243; _builder_version=&#8221;4.16&#8243; custom_padding=&#8221;|||&#8221; global_colors_info=&#8221;{}&#8221; custom_padding__hover=&#8221;|||&#8221;][et_pb_text _builder_version=&#8221;4.16&#8243; text_font=&#8221;||||||||&#8221; header_font=&#8221;||||||||&#8221; header_2_font=&#8221;Playfair Display|700|||||||&#8221; header_2_font_size=&#8221;38px&#8221; header_2_letter_spacing=&#8221;1px&#8221; header_2_line_height=&#8221;1.4em&#8221; header_3_font=&#8221;Poppins|700||on|||||&#8221; header_3_text_color=&#8221;#edbb5f&#8221; header_3_font_size=&#8221;14px&#8221; header_3_letter_spacing=&#8221;1px&#8221; header_3_line_height=&#8221;2em&#8221; max_width=&#8221;550px&#8221; locked=&#8221;off&#8221; global_colors_info=&#8221;{}&#8221;]<\/p>\n<h3><\/h3>\n<h2>Outokoulun idea<\/h2>\n<p>[\/et_pb_text][et_pb_divider color=&#8221;#edbb5f&#8221; divider_weight=&#8221;2px&#8221; _builder_version=&#8221;4.16&#8243; max_width=&#8221;60px&#8221; module_alignment=&#8221;left&#8221; height=&#8221;2px&#8221; locked=&#8221;off&#8221; global_colors_info=&#8221;{}&#8221;][\/et_pb_divider][\/et_pb_column][et_pb_column type=&#8221;2_5&#8243; _builder_version=&#8221;4.16&#8243; custom_padding=&#8221;|||&#8221; global_colors_info=&#8221;{}&#8221; custom_padding__hover=&#8221;|||&#8221;][\/et_pb_column][\/et_pb_row][et_pb_row column_structure=&#8221;3_5,2_5&#8243; _builder_version=&#8221;4.16&#8243; global_colors_info=&#8221;{}&#8221;][et_pb_column type=&#8221;3_5&#8243; _builder_version=&#8221;4.16&#8243; custom_padding=&#8221;|||&#8221; global_colors_info=&#8221;{}&#8221; custom_padding__hover=&#8221;|||&#8221;][et_pb_text _builder_version=&#8221;4.18.0&#8243; text_font=&#8221;Poppins||||||||&#8221; text_font_size=&#8221;16px&#8221; text_letter_spacing=&#8221;1px&#8221; text_line_height=&#8221;2em&#8221; max_width=&#8221;550px&#8221; locked=&#8221;off&#8221; global_colors_info=&#8221;{}&#8221;]<\/p>\n<p>Outoa Outokoulussa on kiinte\u00e4 hinta. Lis\u00e4opetuksesta ei veloiteta ja sit\u00e4 annetaan niin paljon kuin on tarvetta, ett\u00e4 kehtaa p\u00e4\u00e4st\u00e4\u00e4 oppilaan k\u00e4sist\u00e4\u00e4n liikenteeseen.<\/p>\n<p>Outokoulussa ei tarvitse tulla autokoululle vaan koulu tulee sinun luoksesi ja palauttaa viel\u00e4 takaisinkin. Ajotunnille haetaan kotoa, koulusta, ty\u00f6paikalta tai muusta sovitusta paikasta (mutta ei mist\u00e4\u00e4n hevonkuusesta, Ritu m\u00e4\u00e4rittelee).<\/p>\n<p>Outokoulu haluaa tehd\u00e4 yhteisty\u00f6t\u00e4 kotiv\u00e4en kanssa sek\u00e4 autokoulu- ett\u00e4 opetuslupaopetuksessa. Yhteinen tavoite on, ett\u00e4 nuori p\u00e4rj\u00e4\u00e4 liikenteen vaihtelevissa olosuhteissa vastuullisena kuljettajana.<span style=\"font-size: 16px;\"><\/span><\/p>\n<p>Outokoulu ei kuulu mihink\u00e4\u00e4n ketjuun vaan on yhden naisen paikallinen yritys.\u00a0<\/p>\n<p>&nbsp;<\/p>\n<p>[\/et_pb_text][\/et_pb_column][et_pb_column type=&#8221;2_5&#8243; _builder_version=&#8221;4.16&#8243; custom_padding=&#8221;|||&#8221; global_colors_info=&#8221;{}&#8221; custom_padding__hover=&#8221;|||&#8221;][et_pb_image src=&#8221;https:\/\/www.outokoulu.fi\/wp-content\/uploads\/2020\/01\/20200112_122859-1-scaled.jpg&#8221; _builder_version=&#8221;4.16&#8243; width=&#8221;90%&#8221; custom_margin=&#8221;||||false|false&#8221; custom_padding=&#8221;0px||||false|false&#8221; box_shadow_style=&#8221;preset1&#8243; global_colors_info=&#8221;{}&#8221;][\/et_pb_image][\/et_pb_column][\/et_pb_row][\/et_pb_section]<\/p>\n","protected":false},"excerpt":{"rendered":"<p>Outo autokoulu ja opettajakin Outokoulun ideaOutoa Outokoulussa on kiinte\u00e4 hinta. Lis\u00e4opetuksesta ei veloiteta ja sit\u00e4 annetaan niin paljon kuin on tarvetta, ett\u00e4 kehtaa p\u00e4\u00e4st\u00e4\u00e4 oppilaan k\u00e4sist\u00e4\u00e4n liikenteeseen. Outokoulussa ei tarvitse tulla autokoululle vaan koulu tulee sinun luoksesi ja palauttaa viel\u00e4 takaisinkin. Ajotunnille haetaan kotoa, koulusta, ty\u00f6paikalta tai muusta sovitusta paikasta (mutta ei mist\u00e4\u00e4n hevonkuusesta, Ritu [&hellip;]<\/p>\n","protected":false},"author":1,"featured_media":229751,"parent":0,"menu_order":7,"comment_status":"closed","ping_status":"closed","template":"","meta":{"_et_pb_use_builder":"on","_et_pb_old_content":"","_et_gb_content_width":"","footnotes":""},"class_list":["post-229717","page","type-page","status-publish","has-post-thumbnail","hentry"],"yoast_head":"<!-- This site is optimized with the Yoast SEO plugin v27.4 - https:\/\/yoast.com\/product\/yoast-seo-wordpress\/ -->\n<title>Enemm\u00e4n opetusta<\/title>\n<meta name=\"description\" content=\"Henkil\u00f6auto-opetusta minimim\u00e4\u00e4r\u00e4\u00e4 enemm\u00e4n. Kodin ja autokoulun yhteisty\u00f6t\u00e4 liikenneturvallisuuden puolesta.\" \/>\n<meta name=\"robots\" content=\"index, follow, max-snippet:-1, max-image-preview:large, max-video-preview:-1\" \/>\n<link rel=\"canonical\" href=\"https:\/\/outokoulu.fi\/en\/koulu\/\" \/>\n<meta property=\"og:locale\" content=\"en_GB\" \/>\n<meta property=\"og:type\" content=\"article\" \/>\n<meta property=\"og:title\" content=\"Enemm\u00e4n opetusta\" \/>\n<meta property=\"og:description\" content=\"Henkil\u00f6auto-opetusta minimim\u00e4\u00e4r\u00e4\u00e4 enemm\u00e4n. Kodin ja autokoulun yhteisty\u00f6t\u00e4 liikenneturvallisuuden puolesta.\" \/>\n<meta property=\"og:url\" content=\"https:\/\/outokoulu.fi\/en\/koulu\/\" \/>\n<meta property=\"og:site_name\" content=\"Outokoulu\" \/>\n<meta property=\"article:publisher\" content=\"https:\/\/www.facebook.com\/outokoulu\" \/>\n<meta property=\"article:modified_time\" content=\"2024-01-01T16:59:09+00:00\" \/>\n<meta property=\"og:image\" content=\"https:\/\/outokoulu.fi\/wp-content\/uploads\/2020\/01\/20200112_120310-scaled-e1661789502551.jpg\" \/>\n\t<meta property=\"og:image:width\" content=\"2560\" \/>\n\t<meta property=\"og:image:height\" content=\"1433\" \/>\n\t<meta property=\"og:image:type\" content=\"image\/jpeg\" \/>\n<meta name=\"twitter:label1\" content=\"Estimated reading time\" \/>\n\t<meta name=\"twitter:data1\" content=\"4 minutes\" \/>\n<script type=\"application\/ld+json\" class=\"yoast-schema-graph\">{\"@context\":\"https:\\\/\\\/schema.org\",\"@graph\":[{\"@type\":\"WebPage\",\"@id\":\"https:\\\/\\\/outokoulu.fi\\\/koulu\\\/\",\"url\":\"https:\\\/\\\/outokoulu.fi\\\/koulu\\\/\",\"name\":\"Enemm\u00e4n opetusta\",\"isPartOf\":{\"@id\":\"https:\\\/\\\/outokoulu.fi\\\/#website\"},\"primaryImageOfPage\":{\"@id\":\"https:\\\/\\\/outokoulu.fi\\\/koulu\\\/#primaryimage\"},\"image\":{\"@id\":\"https:\\\/\\\/outokoulu.fi\\\/koulu\\\/#primaryimage\"},\"thumbnailUrl\":\"https:\\\/\\\/outokoulu.fi\\\/wp-content\\\/uploads\\\/2020\\\/01\\\/20200112_120310-scaled-e1661789502551.jpg\",\"datePublished\":\"2020-01-19T19:49:58+00:00\",\"dateModified\":\"2024-01-01T16:59:09+00:00\",\"description\":\"Henkil\u00f6auto-opetusta minimim\u00e4\u00e4r\u00e4\u00e4 enemm\u00e4n. Kodin ja autokoulun yhteisty\u00f6t\u00e4 liikenneturvallisuuden puolesta.\",\"breadcrumb\":{\"@id\":\"https:\\\/\\\/outokoulu.fi\\\/koulu\\\/#breadcrumb\"},\"inLanguage\":\"en-GB\",\"potentialAction\":[{\"@type\":\"ReadAction\",\"target\":[\"https:\\\/\\\/outokoulu.fi\\\/koulu\\\/\"]}]},{\"@type\":\"ImageObject\",\"inLanguage\":\"en-GB\",\"@id\":\"https:\\\/\\\/outokoulu.fi\\\/koulu\\\/#primaryimage\",\"url\":\"https:\\\/\\\/outokoulu.fi\\\/wp-content\\\/uploads\\\/2020\\\/01\\\/20200112_120310-scaled-e1661789502551.jpg\",\"contentUrl\":\"https:\\\/\\\/outokoulu.fi\\\/wp-content\\\/uploads\\\/2020\\\/01\\\/20200112_120310-scaled-e1661789502551.jpg\",\"width\":2560,\"height\":1433,\"caption\":\"Yritt\u00e4j\u00e4 ja yritt\u00e4jyyden monumentti.\"},{\"@type\":\"BreadcrumbList\",\"@id\":\"https:\\\/\\\/outokoulu.fi\\\/koulu\\\/#breadcrumb\",\"itemListElement\":[{\"@type\":\"ListItem\",\"position\":1,\"name\":\"Koti\",\"item\":\"https:\\\/\\\/outokoulu.fi\\\/\"},{\"@type\":\"ListItem\",\"position\":2,\"name\":\"Koulu\"}]},{\"@type\":\"WebSite\",\"@id\":\"https:\\\/\\\/outokoulu.fi\\\/#website\",\"url\":\"https:\\\/\\\/outokoulu.fi\\\/\",\"name\":\"Outokoulu\",\"description\":\"Autokoulu Sein&auml;joella ajo-opetusta B-korttia varten\",\"publisher\":{\"@id\":\"https:\\\/\\\/outokoulu.fi\\\/#organization\"},\"potentialAction\":[{\"@type\":\"SearchAction\",\"target\":{\"@type\":\"EntryPoint\",\"urlTemplate\":\"https:\\\/\\\/outokoulu.fi\\\/?s={search_term_string}\"},\"query-input\":{\"@type\":\"PropertyValueSpecification\",\"valueRequired\":true,\"valueName\":\"search_term_string\"}}],\"inLanguage\":\"en-GB\"},{\"@type\":\"Organization\",\"@id\":\"https:\\\/\\\/outokoulu.fi\\\/#organization\",\"name\":\"Outokoulu\",\"url\":\"https:\\\/\\\/outokoulu.fi\\\/\",\"logo\":{\"@type\":\"ImageObject\",\"inLanguage\":\"en-GB\",\"@id\":\"https:\\\/\\\/outokoulu.fi\\\/#\\\/schema\\\/logo\\\/image\\\/\",\"url\":\"https:\\\/\\\/outokoulu.fi\\\/wp-content\\\/uploads\\\/2020\\\/01\\\/logo-1-e1589646780918.png\",\"contentUrl\":\"https:\\\/\\\/outokoulu.fi\\\/wp-content\\\/uploads\\\/2020\\\/01\\\/logo-1-e1589646780918.png\",\"width\":191,\"height\":30,\"caption\":\"Outokoulu\"},\"image\":{\"@id\":\"https:\\\/\\\/outokoulu.fi\\\/#\\\/schema\\\/logo\\\/image\\\/\"},\"sameAs\":[\"https:\\\/\\\/www.facebook.com\\\/outokoulu\",\"https:\\\/\\\/www.instagram.com\\\/outokoulu\"]}]}<\/script>\n<!-- \/ Yoast SEO plugin. -->","yoast_head_json":{"title":"More education","description":"B-class driving licence lessons as much as you need","robots":{"index":"index","follow":"follow","max-snippet":"max-snippet:-1","max-image-preview":"max-image-preview:large","max-video-preview":"max-video-preview:-1"},"canonical":"https:\/\/outokoulu.fi\/en\/koulu\/","og_locale":"en_GB","og_type":"article","og_title":"Enemm\u00e4n opetusta","og_description":"Henkil\u00f6auto-opetusta minimim\u00e4\u00e4r\u00e4\u00e4 enemm\u00e4n. Kodin ja autokoulun yhteisty\u00f6t\u00e4 liikenneturvallisuuden puolesta.","og_url":"https:\/\/outokoulu.fi\/en\/koulu\/","og_site_name":"Outokoulu","article_publisher":"https:\/\/www.facebook.com\/outokoulu","article_modified_time":"2024-01-01T16:59:09+00:00","og_image":[{"width":2560,"height":1433,"url":"https:\/\/outokoulu.fi\/wp-content\/uploads\/2020\/01\/20200112_120310-scaled-e1661789502551.jpg","type":"image\/jpeg"}],"twitter_misc":{"Estimated reading time":"4 minutes"},"schema":{"@context":"https:\/\/schema.org","@graph":[{"@type":"WebPage","@id":"https:\/\/outokoulu.fi\/koulu\/","url":"https:\/\/outokoulu.fi\/koulu\/","name":"More education","isPartOf":{"@id":"https:\/\/outokoulu.fi\/#website"},"primaryImageOfPage":{"@id":"https:\/\/outokoulu.fi\/koulu\/#primaryimage"},"image":{"@id":"https:\/\/outokoulu.fi\/koulu\/#primaryimage"},"thumbnailUrl":"https:\/\/outokoulu.fi\/wp-content\/uploads\/2020\/01\/20200112_120310-scaled-e1661789502551.jpg","datePublished":"2020-01-19T19:49:58+00:00","dateModified":"2024-01-01T16:59:09+00:00","description":"B-class driving licence lessons as much as you need","breadcrumb":{"@id":"https:\/\/outokoulu.fi\/koulu\/#breadcrumb"},"inLanguage":"en-GB","potentialAction":[{"@type":"ReadAction","target":["https:\/\/outokoulu.fi\/koulu\/"]}]},{"@type":"ImageObject","inLanguage":"en-GB","@id":"https:\/\/outokoulu.fi\/koulu\/#primaryimage","url":"https:\/\/outokoulu.fi\/wp-content\/uploads\/2020\/01\/20200112_120310-scaled-e1661789502551.jpg","contentUrl":"https:\/\/outokoulu.fi\/wp-content\/uploads\/2020\/01\/20200112_120310-scaled-e1661789502551.jpg","width":2560,"height":1433,"caption":"Yritt\u00e4j\u00e4 ja yritt\u00e4jyyden monumentti."},{"@type":"BreadcrumbList","@id":"https:\/\/outokoulu.fi\/koulu\/#breadcrumb","itemListElement":[{"@type":"ListItem","position":1,"name":"Koti","item":"https:\/\/outokoulu.fi\/"},{"@type":"ListItem","position":2,"name":"Koulu"}]},{"@type":"WebSite","@id":"https:\/\/outokoulu.fi\/#website","url":"https:\/\/outokoulu.fi\/","name":"Outokoulu","description":"Driving school at Sein\u00e4joki for B-class licence","publisher":{"@id":"https:\/\/outokoulu.fi\/#organization"},"potentialAction":[{"@type":"SearchAction","target":{"@type":"EntryPoint","urlTemplate":"https:\/\/outokoulu.fi\/?s={search_term_string}"},"query-input":{"@type":"PropertyValueSpecification","valueRequired":true,"valueName":"search_term_string"}}],"inLanguage":"en-GB"},{"@type":"Organization","@id":"https:\/\/outokoulu.fi\/#organization","name":"Outokoulu","url":"https:\/\/outokoulu.fi\/","logo":{"@type":"ImageObject","inLanguage":"en-GB","@id":"https:\/\/outokoulu.fi\/#\/schema\/logo\/image\/","url":"https:\/\/outokoulu.fi\/wp-content\/uploads\/2020\/01\/logo-1-e1589646780918.png","contentUrl":"https:\/\/outokoulu.fi\/wp-content\/uploads\/2020\/01\/logo-1-e1589646780918.png","width":191,"height":30,"caption":"Outokoulu"},"image":{"@id":"https:\/\/outokoulu.fi\/#\/schema\/logo\/image\/"},"sameAs":["https:\/\/www.facebook.com\/outokoulu","https:\/\/www.instagram.com\/outokoulu"]}]}},"_links":{"self":[{"href":"https:\/\/outokoulu.fi\/en\/wp-json\/wp\/v2\/pages\/229717","targetHints":{"allow":["GET"]}}],"collection":[{"href":"https:\/\/outokoulu.fi\/en\/wp-json\/wp\/v2\/pages"}],"about":[{"href":"https:\/\/outokoulu.fi\/en\/wp-json\/wp\/v2\/types\/page"}],"author":[{"embeddable":true,"href":"https:\/\/outokoulu.fi\/en\/wp-json\/wp\/v2\/users\/1"}],"replies":[{"embeddable":true,"href":"https:\/\/outokoulu.fi\/en\/wp-json\/wp\/v2\/comments?post=229717"}],"version-history":[{"count":0,"href":"https:\/\/outokoulu.fi\/en\/wp-json\/wp\/v2\/pages\/229717\/revisions"}],"wp:featuredmedia":[{"embeddable":true,"href":"https:\/\/outokoulu.fi\/en\/wp-json\/wp\/v2\/media\/229751"}],"wp:attachment":[{"href":"https:\/\/outokoulu.fi\/en\/wp-json\/wp\/v2\/media?parent=229717"}],"curies":[{"name":"wp","href":"https:\/\/api.w.org\/{rel}","templated":true}]}}